{"id":1735,"date":"2018-03-30T21:43:06","date_gmt":"2018-03-30T19:43:06","guid":{"rendered":"http:\/\/scheuten.me\/?page_id=1735"},"modified":"2018-06-01T00:19:02","modified_gmt":"2018-05-31T22:19:02","slug":"tr-option-riementriebabdeckung","status":"publish","type":"page","link":"https:\/\/scheuten.me\/?page_id=1735","title":{"rendered":"TR &#8211; Option: Riementriebabdeckung"},"content":{"rendered":"<h1>Tantillus Reborn<\/h1>\n<h2>Kapitel 11 &#8211; Riementriebabdeckung<\/h2>\n<p><a href=\"http:\/\/scheuten.me\/?page_id=2041\">click here for the international\/english version of this chapter<\/a><\/p>\n<p><img data-recalc-dims=\"1\" loading=\"lazy\" decoding=\"async\" data-attachment-id=\"1777\" data-permalink=\"https:\/\/scheuten.me\/?attachment_id=1777\" data-orig-file=\"https:\/\/i0.wp.com\/scheuten.me\/wp-content\/uploads\/2018\/03\/TR_belt_cover_003.jpg?fit=1920%2C1440&amp;ssl=1\" data-orig-size=\"1920,1440\" data-comments-opened=\"1\" data-image-meta=\"{&quot;aperture&quot;:&quot;0&quot;,&quot;credit&quot;:&quot;&quot;,&quot;camera&quot;:&quot;&quot;,&quot;caption&quot;:&quot;&quot;,&quot;created_timestamp&quot;:&quot;0&quot;,&quot;copyright&quot;:&quot;&quot;,&quot;focal_length&quot;:&quot;0&quot;,&quot;iso&quot;:&quot;0&quot;,&quot;shutter_speed&quot;:&quot;0&quot;,&quot;title&quot;:&quot;&quot;,&quot;orientation&quot;:&quot;0&quot;}\" data-image-title=\"TR_belt_cover_003\" data-image-description=\"\" data-image-caption=\"\" data-medium-file=\"https:\/\/i0.wp.com\/scheuten.me\/wp-content\/uploads\/2018\/03\/TR_belt_cover_003.jpg?fit=300%2C225&amp;ssl=1\" data-large-file=\"https:\/\/i0.wp.com\/scheuten.me\/wp-content\/uploads\/2018\/03\/TR_belt_cover_003.jpg?fit=625%2C469&amp;ssl=1\" class=\"alignnone size-full wp-image-1777\" src=\"https:\/\/i0.wp.com\/scheuten.me\/wp-content\/uploads\/2018\/03\/TR_belt_cover_003.jpg?resize=625%2C469\" alt=\"\" width=\"625\" height=\"469\" srcset=\"https:\/\/i0.wp.com\/scheuten.me\/wp-content\/uploads\/2018\/03\/TR_belt_cover_003.jpg?w=1920&amp;ssl=1 1920w, https:\/\/i0.wp.com\/scheuten.me\/wp-content\/uploads\/2018\/03\/TR_belt_cover_003.jpg?resize=300%2C225&amp;ssl=1 300w, https:\/\/i0.wp.com\/scheuten.me\/wp-content\/uploads\/2018\/03\/TR_belt_cover_003.jpg?resize=768%2C576&amp;ssl=1 768w, https:\/\/i0.wp.com\/scheuten.me\/wp-content\/uploads\/2018\/03\/TR_belt_cover_003.jpg?resize=1024%2C768&amp;ssl=1 1024w, https:\/\/i0.wp.com\/scheuten.me\/wp-content\/uploads\/2018\/03\/TR_belt_cover_003.jpg?resize=624%2C468&amp;ssl=1 624w, https:\/\/i0.wp.com\/scheuten.me\/wp-content\/uploads\/2018\/03\/TR_belt_cover_003.jpg?w=1250 1250w\" sizes=\"auto, (max-width: 625px) 100vw, 625px\" \/><br \/>\nDie rechts und hinten etwas rausstehenden Riementriebe der XY-Achsen k\u00f6nnen mit Abdeckungen versehen werden.<\/p>\n<p><img data-recalc-dims=\"1\" loading=\"lazy\" decoding=\"async\" data-attachment-id=\"1778\" data-permalink=\"https:\/\/scheuten.me\/?attachment_id=1778\" data-orig-file=\"https:\/\/i0.wp.com\/scheuten.me\/wp-content\/uploads\/2018\/03\/TR_belt_cover_002.jpg?fit=1920%2C1440&amp;ssl=1\" data-orig-size=\"1920,1440\" data-comments-opened=\"1\" data-image-meta=\"{&quot;aperture&quot;:&quot;0&quot;,&quot;credit&quot;:&quot;&quot;,&quot;camera&quot;:&quot;&quot;,&quot;caption&quot;:&quot;&quot;,&quot;created_timestamp&quot;:&quot;0&quot;,&quot;copyright&quot;:&quot;&quot;,&quot;focal_length&quot;:&quot;0&quot;,&quot;iso&quot;:&quot;0&quot;,&quot;shutter_speed&quot;:&quot;0&quot;,&quot;title&quot;:&quot;&quot;,&quot;orientation&quot;:&quot;0&quot;}\" data-image-title=\"TR_belt_cover_002\" data-image-description=\"\" data-image-caption=\"\" data-medium-file=\"https:\/\/i0.wp.com\/scheuten.me\/wp-content\/uploads\/2018\/03\/TR_belt_cover_002.jpg?fit=300%2C225&amp;ssl=1\" data-large-file=\"https:\/\/i0.wp.com\/scheuten.me\/wp-content\/uploads\/2018\/03\/TR_belt_cover_002.jpg?fit=625%2C469&amp;ssl=1\" class=\"alignnone size-full wp-image-1778\" src=\"https:\/\/i0.wp.com\/scheuten.me\/wp-content\/uploads\/2018\/03\/TR_belt_cover_002.jpg?resize=625%2C469\" alt=\"\" width=\"625\" height=\"469\" srcset=\"https:\/\/i0.wp.com\/scheuten.me\/wp-content\/uploads\/2018\/03\/TR_belt_cover_002.jpg?w=1920&amp;ssl=1 1920w, https:\/\/i0.wp.com\/scheuten.me\/wp-content\/uploads\/2018\/03\/TR_belt_cover_002.jpg?resize=300%2C225&amp;ssl=1 300w, https:\/\/i0.wp.com\/scheuten.me\/wp-content\/uploads\/2018\/03\/TR_belt_cover_002.jpg?resize=768%2C576&amp;ssl=1 768w, https:\/\/i0.wp.com\/scheuten.me\/wp-content\/uploads\/2018\/03\/TR_belt_cover_002.jpg?resize=1024%2C768&amp;ssl=1 1024w, https:\/\/i0.wp.com\/scheuten.me\/wp-content\/uploads\/2018\/03\/TR_belt_cover_002.jpg?resize=624%2C468&amp;ssl=1 624w, https:\/\/i0.wp.com\/scheuten.me\/wp-content\/uploads\/2018\/03\/TR_belt_cover_002.jpg?w=1250 1250w\" sizes=\"auto, (max-width: 625px) 100vw, 625px\" \/><\/p>\n<p>Die Abdeckungen sind kein Muss, hier kann jeder nach pers\u00f6nlichem Geschmack entscheiden was ihm besser gef\u00e4llt. Sie\u00a0bestehen je aus einem Druckteil und einem Laserteil.<\/p>\n<p>Die Befestigung erfolgt mit nur je einer Schraube.<\/p>\n<p>F\u00fcr die hintere Abdeckung muss ein Muttern-Halter von innen in das Geh\u00e4use des TR geschraubt werden.<\/p>\n<p><img data-recalc-dims=\"1\" loading=\"lazy\" decoding=\"async\" data-attachment-id=\"1781\" data-permalink=\"https:\/\/scheuten.me\/?attachment_id=1781\" data-orig-file=\"https:\/\/i0.wp.com\/scheuten.me\/wp-content\/uploads\/2018\/03\/TR_belt_cover_004.jpg?fit=1280%2C960&amp;ssl=1\" data-orig-size=\"1280,960\" data-comments-opened=\"1\" data-image-meta=\"{&quot;aperture&quot;:&quot;0&quot;,&quot;credit&quot;:&quot;&quot;,&quot;camera&quot;:&quot;&quot;,&quot;caption&quot;:&quot;&quot;,&quot;created_timestamp&quot;:&quot;1522452174&quot;,&quot;copyright&quot;:&quot;&quot;,&quot;focal_length&quot;:&quot;0&quot;,&quot;iso&quot;:&quot;0&quot;,&quot;shutter_speed&quot;:&quot;0&quot;,&quot;title&quot;:&quot;&quot;,&quot;orientation&quot;:&quot;1&quot;}\" data-image-title=\"TR_belt_cover_004\" data-image-description=\"\" data-image-caption=\"\" data-medium-file=\"https:\/\/i0.wp.com\/scheuten.me\/wp-content\/uploads\/2018\/03\/TR_belt_cover_004.jpg?fit=300%2C225&amp;ssl=1\" data-large-file=\"https:\/\/i0.wp.com\/scheuten.me\/wp-content\/uploads\/2018\/03\/TR_belt_cover_004.jpg?fit=625%2C469&amp;ssl=1\" class=\"alignnone size-full wp-image-1781\" src=\"https:\/\/i0.wp.com\/scheuten.me\/wp-content\/uploads\/2018\/03\/TR_belt_cover_004.jpg?resize=625%2C469\" alt=\"\" width=\"625\" height=\"469\" srcset=\"https:\/\/i0.wp.com\/scheuten.me\/wp-content\/uploads\/2018\/03\/TR_belt_cover_004.jpg?w=1280&amp;ssl=1 1280w, https:\/\/i0.wp.com\/scheuten.me\/wp-content\/uploads\/2018\/03\/TR_belt_cover_004.jpg?resize=300%2C225&amp;ssl=1 300w, https:\/\/i0.wp.com\/scheuten.me\/wp-content\/uploads\/2018\/03\/TR_belt_cover_004.jpg?resize=768%2C576&amp;ssl=1 768w, https:\/\/i0.wp.com\/scheuten.me\/wp-content\/uploads\/2018\/03\/TR_belt_cover_004.jpg?resize=1024%2C768&amp;ssl=1 1024w, https:\/\/i0.wp.com\/scheuten.me\/wp-content\/uploads\/2018\/03\/TR_belt_cover_004.jpg?resize=624%2C468&amp;ssl=1 624w\" sizes=\"auto, (max-width: 625px) 100vw, 625px\" \/><\/p>\n<p>&nbsp;<\/p>\n<p>Die Mutter f\u00fcr die seitliche Abdeckung befindet sich in einem Lagerhalter der XY-Achse. Diese bei der Montage nicht vergessen.<\/p>\n<p><img data-recalc-dims=\"1\" loading=\"lazy\" decoding=\"async\" data-attachment-id=\"1780\" data-permalink=\"https:\/\/scheuten.me\/?attachment_id=1780\" data-orig-file=\"https:\/\/i0.wp.com\/scheuten.me\/wp-content\/uploads\/2018\/03\/TR_belt_cover_005.jpg?fit=1280%2C960&amp;ssl=1\" data-orig-size=\"1280,960\" data-comments-opened=\"1\" data-image-meta=\"{&quot;aperture&quot;:&quot;0&quot;,&quot;credit&quot;:&quot;&quot;,&quot;camera&quot;:&quot;&quot;,&quot;caption&quot;:&quot;&quot;,&quot;created_timestamp&quot;:&quot;1522452174&quot;,&quot;copyright&quot;:&quot;&quot;,&quot;focal_length&quot;:&quot;0&quot;,&quot;iso&quot;:&quot;0&quot;,&quot;shutter_speed&quot;:&quot;0&quot;,&quot;title&quot;:&quot;&quot;,&quot;orientation&quot;:&quot;1&quot;}\" data-image-title=\"TR_belt_cover_005\" data-image-description=\"\" data-image-caption=\"\" data-medium-file=\"https:\/\/i0.wp.com\/scheuten.me\/wp-content\/uploads\/2018\/03\/TR_belt_cover_005.jpg?fit=300%2C225&amp;ssl=1\" data-large-file=\"https:\/\/i0.wp.com\/scheuten.me\/wp-content\/uploads\/2018\/03\/TR_belt_cover_005.jpg?fit=625%2C469&amp;ssl=1\" class=\"alignnone size-full wp-image-1780\" src=\"https:\/\/i0.wp.com\/scheuten.me\/wp-content\/uploads\/2018\/03\/TR_belt_cover_005.jpg?resize=625%2C469\" alt=\"\" width=\"625\" height=\"469\" srcset=\"https:\/\/i0.wp.com\/scheuten.me\/wp-content\/uploads\/2018\/03\/TR_belt_cover_005.jpg?w=1280&amp;ssl=1 1280w, https:\/\/i0.wp.com\/scheuten.me\/wp-content\/uploads\/2018\/03\/TR_belt_cover_005.jpg?resize=300%2C225&amp;ssl=1 300w, https:\/\/i0.wp.com\/scheuten.me\/wp-content\/uploads\/2018\/03\/TR_belt_cover_005.jpg?resize=768%2C576&amp;ssl=1 768w, https:\/\/i0.wp.com\/scheuten.me\/wp-content\/uploads\/2018\/03\/TR_belt_cover_005.jpg?resize=1024%2C768&amp;ssl=1 1024w, https:\/\/i0.wp.com\/scheuten.me\/wp-content\/uploads\/2018\/03\/TR_belt_cover_005.jpg?resize=624%2C468&amp;ssl=1 624w\" sizes=\"auto, (max-width: 625px) 100vw, 625px\" \/><\/p>\n<p>&nbsp;<\/p>\n<p><img data-recalc-dims=\"1\" loading=\"lazy\" decoding=\"async\" data-attachment-id=\"1779\" data-permalink=\"https:\/\/scheuten.me\/?attachment_id=1779\" data-orig-file=\"https:\/\/i0.wp.com\/scheuten.me\/wp-content\/uploads\/2018\/03\/TR_belt_cover_001.jpg?fit=1440%2C1920&amp;ssl=1\" data-orig-size=\"1440,1920\" data-comments-opened=\"1\" data-image-meta=\"{&quot;aperture&quot;:&quot;0&quot;,&quot;credit&quot;:&quot;&quot;,&quot;camera&quot;:&quot;&quot;,&quot;caption&quot;:&quot;&quot;,&quot;created_timestamp&quot;:&quot;0&quot;,&quot;copyright&quot;:&quot;&quot;,&quot;focal_length&quot;:&quot;0&quot;,&quot;iso&quot;:&quot;0&quot;,&quot;shutter_speed&quot;:&quot;0&quot;,&quot;title&quot;:&quot;&quot;,&quot;orientation&quot;:&quot;0&quot;}\" data-image-title=\"TR_belt_cover_001\" data-image-description=\"\" data-image-caption=\"\" data-medium-file=\"https:\/\/i0.wp.com\/scheuten.me\/wp-content\/uploads\/2018\/03\/TR_belt_cover_001.jpg?fit=225%2C300&amp;ssl=1\" data-large-file=\"https:\/\/i0.wp.com\/scheuten.me\/wp-content\/uploads\/2018\/03\/TR_belt_cover_001.jpg?fit=625%2C833&amp;ssl=1\" class=\"alignnone size-full wp-image-1779\" src=\"https:\/\/i0.wp.com\/scheuten.me\/wp-content\/uploads\/2018\/03\/TR_belt_cover_001.jpg?resize=625%2C833\" alt=\"\" width=\"625\" height=\"833\" srcset=\"https:\/\/i0.wp.com\/scheuten.me\/wp-content\/uploads\/2018\/03\/TR_belt_cover_001.jpg?w=1440&amp;ssl=1 1440w, https:\/\/i0.wp.com\/scheuten.me\/wp-content\/uploads\/2018\/03\/TR_belt_cover_001.jpg?resize=225%2C300&amp;ssl=1 225w, https:\/\/i0.wp.com\/scheuten.me\/wp-content\/uploads\/2018\/03\/TR_belt_cover_001.jpg?resize=768%2C1024&amp;ssl=1 768w, https:\/\/i0.wp.com\/scheuten.me\/wp-content\/uploads\/2018\/03\/TR_belt_cover_001.jpg?resize=624%2C832&amp;ssl=1 624w, https:\/\/i0.wp.com\/scheuten.me\/wp-content\/uploads\/2018\/03\/TR_belt_cover_001.jpg?w=1250 1250w\" sizes=\"auto, (max-width: 625px) 100vw, 625px\" \/><\/p>\n<hr \/>\n<ul>\n<li><a href=\"http:\/\/scheuten.me\/?page_id=1056\">Kapitel 0 &#8211; Vorwort<\/a><\/li>\n<li><a href=\"http:\/\/scheuten.me\/?page_id=1387\">Kapitel 1 &#8211; Geh\u00e4use<\/a><\/li>\n<li><a href=\"http:\/\/scheuten.me\/?page_id=1406\">Kapitel 2 &#8211; Z-Achse<\/a><\/li>\n<li><a href=\"http:\/\/scheuten.me\/?page_id=1414\">Kapitel 3 &#8211; XY-Achssystem<\/a><\/li>\n<li><a href=\"http:\/\/scheuten.me\/?page_id=1419\">Kapitel 4 &#8211; Heizbett<\/a><\/li>\n<li><a href=\"http:\/\/scheuten.me\/?page_id=1433\">Kapitel 5 &#8211; K\u00fchlung<\/a><\/li>\n<li><a href=\"http:\/\/scheuten.me\/?page_id=1462\">Kapitel 6 &#8211; Extruder<\/a><\/li>\n<li><a href=\"http:\/\/scheuten.me\/?page_id=1437\">Kapitel 7 &#8211; Hotend<\/a><\/li>\n<li><a href=\"http:\/\/scheuten.me\/?page_id=1476\">Kapitel 8 &#8211; Elektronik<\/a><\/li>\n<li><a href=\"http:\/\/scheuten.me\/?page_id=1468\">Kapitel 9 &#8211; Filamentabroller<\/a><\/li>\n<li><a href=\"http:\/\/scheuten.me\/?page_id=1616\">Kapitel 10 &#8211; Silikonteile<\/a><\/li>\n<li><a href=\"http:\/\/scheuten.me\/?page_id=1735\">Kapitel 11 &#8211; Option: Riementriebabdeckung<\/a><\/li>\n<li><a href=\"http:\/\/scheuten.me\/?page_id=1460\">Kapitel 12 &#8211; Option: Rasperry Pi Zero<\/a><\/li>\n<li><a href=\"http:\/\/scheuten.me\/?page_id=1482\">Kapitel 13 &#8211; Option: USV f\u00fcr den Pi<\/a><\/li>\n<li><a href=\"http:\/\/scheuten.me\/?page_id=1440\">Kapitel 14 &#8211; BOM \/ Downloads<\/a><\/li>\n<li><a href=\"http:\/\/scheuten.me\/?page_id=1443\">Kapitel 15 &#8211; FAQ<\/a><\/li>\n<li><a href=\"http:\/\/scheuten.me\/?page_id=1457\">Kapitel 16 &#8211; Musterdrucke<\/a><\/li>\n<li><a href=\"http:\/\/scheuten.me\/?page_id=1448\">Kapitel 17 &#8211; Schlusswort<\/a><\/li>\n<\/ul>\n","protected":false},"excerpt":{"rendered":"<p>Tantillus Reborn Kapitel 11 &#8211; Riementriebabdeckung click here for the international\/english version of this chapter Die rechts und hinten etwas rausstehenden Riementriebe der XY-Achsen k\u00f6nnen mit Abdeckungen versehen werden. Die Abdeckungen sind kein Muss, hier kann jeder nach pers\u00f6nlichem Geschmack entscheiden was ihm besser gef\u00e4llt. Sie\u00a0bestehen je aus einem Druckteil und einem Laserteil. Die Befestigung [&hellip;]<\/p>\n","protected":false},"author":1,"featured_media":0,"parent":1056,"menu_order":11,"comment_status":"open","ping_status":"open","template":"","meta":{"jetpack_post_was_ever_published":false,"footnotes":""},"class_list":["post-1735","page","type-page","status-publish","hentry"],"jetpack_shortlink":"https:\/\/wp.me\/P6lfHf-rZ","jetpack-related-posts":[],"jetpack_sharing_enabled":true,"_links":{"self":[{"href":"https:\/\/scheuten.me\/index.php?rest_route=\/wp\/v2\/pages\/1735","targetHints":{"allow":["GET"]}}],"collection":[{"href":"https:\/\/scheuten.me\/index.php?rest_route=\/wp\/v2\/pages"}],"about":[{"href":"https:\/\/scheuten.me\/index.php?rest_route=\/wp\/v2\/types\/page"}],"author":[{"embeddable":true,"href":"https:\/\/scheuten.me\/index.php?rest_route=\/wp\/v2\/users\/1"}],"replies":[{"embeddable":true,"href":"https:\/\/scheuten.me\/index.php?rest_route=%2Fwp%2Fv2%2Fcomments&post=1735"}],"version-history":[{"count":8,"href":"https:\/\/scheuten.me\/index.php?rest_route=\/wp\/v2\/pages\/1735\/revisions"}],"predecessor-version":[{"id":2098,"href":"https:\/\/scheuten.me\/index.php?rest_route=\/wp\/v2\/pages\/1735\/revisions\/2098"}],"up":[{"embeddable":true,"href":"https:\/\/scheuten.me\/index.php?rest_route=\/wp\/v2\/pages\/1056"}],"wp:attachment":[{"href":"https:\/\/scheuten.me\/index.php?rest_route=%2Fwp%2Fv2%2Fmedia&parent=1735"}],"curies":[{"name":"wp","href":"https:\/\/api.w.org\/{rel}","templated":true}]}}