{"id":1468,"date":"2018-03-07T00:09:12","date_gmt":"2018-03-06T23:09:12","guid":{"rendered":"http:\/\/scheuten.me\/?page_id=1468"},"modified":"2018-06-01T00:16:52","modified_gmt":"2018-05-31T22:16:52","slug":"tr-filamentabroller","status":"publish","type":"page","link":"https:\/\/scheuten.me\/?page_id=1468","title":{"rendered":"TR &#8211; Filamentabroller"},"content":{"rendered":"<h1>Tantillus Reborn<\/h1>\n<h2>Kapitel 9 &#8211; Filamentabroller<\/h2>\n<p><a href=\"http:\/\/scheuten.me\/?page_id=2056\">click here for the international\/english version of this chapter<\/a><\/p>\n<p><img data-recalc-dims=\"1\" loading=\"lazy\" decoding=\"async\" data-attachment-id=\"1667\" data-permalink=\"https:\/\/scheuten.me\/?attachment_id=1667\" data-orig-file=\"https:\/\/i0.wp.com\/scheuten.me\/wp-content\/uploads\/2018\/03\/TR_spool_roller_004.jpg?fit=1960%2C1470&amp;ssl=1\" data-orig-size=\"1960,1470\" data-comments-opened=\"1\" data-image-meta=\"{&quot;aperture&quot;:&quot;0&quot;,&quot;credit&quot;:&quot;&quot;,&quot;camera&quot;:&quot;&quot;,&quot;caption&quot;:&quot;&quot;,&quot;created_timestamp&quot;:&quot;0&quot;,&quot;copyright&quot;:&quot;&quot;,&quot;focal_length&quot;:&quot;0&quot;,&quot;iso&quot;:&quot;0&quot;,&quot;shutter_speed&quot;:&quot;0&quot;,&quot;title&quot;:&quot;&quot;,&quot;orientation&quot;:&quot;0&quot;}\" data-image-title=\"TR_spool_roller_004\" data-image-description=\"\" data-image-caption=\"\" data-medium-file=\"https:\/\/i0.wp.com\/scheuten.me\/wp-content\/uploads\/2018\/03\/TR_spool_roller_004.jpg?fit=300%2C225&amp;ssl=1\" data-large-file=\"https:\/\/i0.wp.com\/scheuten.me\/wp-content\/uploads\/2018\/03\/TR_spool_roller_004.jpg?fit=625%2C469&amp;ssl=1\" class=\"alignnone size-full wp-image-1667\" src=\"https:\/\/i0.wp.com\/scheuten.me\/wp-content\/uploads\/2018\/03\/TR_spool_roller_004.jpg?resize=625%2C469\" alt=\"\" width=\"625\" height=\"469\" srcset=\"https:\/\/i0.wp.com\/scheuten.me\/wp-content\/uploads\/2018\/03\/TR_spool_roller_004.jpg?w=1960&amp;ssl=1 1960w, https:\/\/i0.wp.com\/scheuten.me\/wp-content\/uploads\/2018\/03\/TR_spool_roller_004.jpg?resize=300%2C225&amp;ssl=1 300w, https:\/\/i0.wp.com\/scheuten.me\/wp-content\/uploads\/2018\/03\/TR_spool_roller_004.jpg?resize=768%2C576&amp;ssl=1 768w, https:\/\/i0.wp.com\/scheuten.me\/wp-content\/uploads\/2018\/03\/TR_spool_roller_004.jpg?resize=1024%2C768&amp;ssl=1 1024w, https:\/\/i0.wp.com\/scheuten.me\/wp-content\/uploads\/2018\/03\/TR_spool_roller_004.jpg?resize=624%2C468&amp;ssl=1 624w, https:\/\/i0.wp.com\/scheuten.me\/wp-content\/uploads\/2018\/03\/TR_spool_roller_004.jpg?w=1250 1250w, https:\/\/i0.wp.com\/scheuten.me\/wp-content\/uploads\/2018\/03\/TR_spool_roller_004.jpg?w=1875 1875w\" sizes=\"auto, (max-width: 625px) 100vw, 625px\" \/><\/p>\n<p>Bei vielen Druckern wird gerne einfach das Thema Spulenhalter vergessen. Im Endeffekt ist die Abrollvorrichtung dann als zus\u00e4tzliches Teil irgendwo neben dem Drucker bzw. es werden irgendwo Halter angebracht die wie Fremdk\u00f6rper wirken.<\/p>\n<p>Der Tantillus wurde von vornherein auch f\u00fcr den mobilen Einsatz konzipiert, deswegen sollte der TR unbedingt einen integrierten Abroller besitzen.<\/p>\n<p>In dieses vermeintlich so banale Thema haben wir viel Zeit investiert. Es wurden etliche Prototypen erdacht und gebaut um eine wirklich zufriedenstellende L\u00f6sung zu finden.<br \/>\nAufgrund der geringen Gr\u00f6\u00dfe des Tantillus lie\u00df sich die Spule nicht im Inneren integrieren. Abstehende Halter kamen auch nicht in Frage.<\/p>\n<p>Die L\u00f6sung war ein ausziehbarer Halter. Wie in vielen anderen Bereichen auch, greifen wir hier auf eine Kombination aus Druck- und Laserteilen zur\u00fcck.<br \/>\nDer Abroller ist sowohl im ein- als auch im ausgezogenen Zustand magnetisch arretiert, kugelgelagerte Wellen sorgen f\u00fcr einen ger\u00e4uscharmen und leichten Lauf.<br \/>\nAuf dem Auszug finden Rollen bis ca. 70 mm sicher Platz, es passen also die Spulen nahezu aller g\u00e4ngigen Hersteller bis ca. 1.1kg<\/p>\n<h3>Montagehinweise:<\/h3>\n<p><strong>Schritt 1<\/strong> &#8211; Teile vorbereiten<br \/>\n&#8211; Magnete und Muttern an die vorgesehen Position in die Kunststoffteile einpressen<br \/>\n&#8211; M3 Gewinde in den inneren Lagerhalter schneiden<br \/>\n&#8211; die \u00fcbrigen Lager in den inneren Lagerhalter einpressen und mit Linsenkopfschrauben sichern<\/p>\n<p><img data-recalc-dims=\"1\" loading=\"lazy\" decoding=\"async\" data-attachment-id=\"1665\" data-permalink=\"https:\/\/scheuten.me\/?attachment_id=1665\" data-orig-file=\"https:\/\/i0.wp.com\/scheuten.me\/wp-content\/uploads\/2018\/03\/TR_spool_roller_002.jpg?fit=1960%2C1470&amp;ssl=1\" data-orig-size=\"1960,1470\" data-comments-opened=\"1\" data-image-meta=\"{&quot;aperture&quot;:&quot;0&quot;,&quot;credit&quot;:&quot;&quot;,&quot;camera&quot;:&quot;&quot;,&quot;caption&quot;:&quot;&quot;,&quot;created_timestamp&quot;:&quot;0&quot;,&quot;copyright&quot;:&quot;&quot;,&quot;focal_length&quot;:&quot;0&quot;,&quot;iso&quot;:&quot;0&quot;,&quot;shutter_speed&quot;:&quot;0&quot;,&quot;title&quot;:&quot;&quot;,&quot;orientation&quot;:&quot;0&quot;}\" data-image-title=\"TR_spool_roller_002\" data-image-description=\"\" data-image-caption=\"\" data-medium-file=\"https:\/\/i0.wp.com\/scheuten.me\/wp-content\/uploads\/2018\/03\/TR_spool_roller_002.jpg?fit=300%2C225&amp;ssl=1\" data-large-file=\"https:\/\/i0.wp.com\/scheuten.me\/wp-content\/uploads\/2018\/03\/TR_spool_roller_002.jpg?fit=625%2C469&amp;ssl=1\" class=\"alignnone size-full wp-image-1665\" src=\"https:\/\/i0.wp.com\/scheuten.me\/wp-content\/uploads\/2018\/03\/TR_spool_roller_002.jpg?resize=625%2C469\" alt=\"\" width=\"625\" height=\"469\" srcset=\"https:\/\/i0.wp.com\/scheuten.me\/wp-content\/uploads\/2018\/03\/TR_spool_roller_002.jpg?w=1960&amp;ssl=1 1960w, https:\/\/i0.wp.com\/scheuten.me\/wp-content\/uploads\/2018\/03\/TR_spool_roller_002.jpg?resize=300%2C225&amp;ssl=1 300w, https:\/\/i0.wp.com\/scheuten.me\/wp-content\/uploads\/2018\/03\/TR_spool_roller_002.jpg?resize=768%2C576&amp;ssl=1 768w, https:\/\/i0.wp.com\/scheuten.me\/wp-content\/uploads\/2018\/03\/TR_spool_roller_002.jpg?resize=1024%2C768&amp;ssl=1 1024w, https:\/\/i0.wp.com\/scheuten.me\/wp-content\/uploads\/2018\/03\/TR_spool_roller_002.jpg?resize=624%2C468&amp;ssl=1 624w, https:\/\/i0.wp.com\/scheuten.me\/wp-content\/uploads\/2018\/03\/TR_spool_roller_002.jpg?w=1250 1250w, https:\/\/i0.wp.com\/scheuten.me\/wp-content\/uploads\/2018\/03\/TR_spool_roller_002.jpg?w=1875 1875w\" sizes=\"auto, (max-width: 625px) 100vw, 625px\" \/><\/p>\n<p><strong>Schritt 2<\/strong> &#8211; Lager verkleben<\/p>\n<p>&#8211;\u00a0an je eine Ende einer Linearwelle ein Lager 688-2Z mit Lagerkleber bzw. Sekundenkleber kleben<\/p>\n<p>Anmerkung:<br \/>\nBeim verkleben auf einen b\u00fcndigen Abschluss des Wellenende mit dem Lager achten. Sparsam mit dem Klebstoff umgehen und z\u00fcgig arbeiten. Insbesondere der Lagerkleber zieht SEHR schnell an. Die Verklebung l\u00e4sst sich nur mit Hilfe von Hitze (ca. 180\u00b0C) wieder zerst\u00f6ren.<\/p>\n<p><img data-recalc-dims=\"1\" loading=\"lazy\" decoding=\"async\" data-attachment-id=\"1574\" data-permalink=\"https:\/\/scheuten.me\/?attachment_id=1574\" data-orig-file=\"https:\/\/i0.wp.com\/scheuten.me\/wp-content\/uploads\/2018\/03\/DSC_3567.jpg?fit=1280%2C853&amp;ssl=1\" data-orig-size=\"1280,853\" data-comments-opened=\"1\" data-image-meta=\"{&quot;aperture&quot;:&quot;9&quot;,&quot;credit&quot;:&quot;&quot;,&quot;camera&quot;:&quot;NIKON D3300&quot;,&quot;caption&quot;:&quot;&quot;,&quot;created_timestamp&quot;:&quot;1517696236&quot;,&quot;copyright&quot;:&quot;&quot;,&quot;focal_length&quot;:&quot;105&quot;,&quot;iso&quot;:&quot;400&quot;,&quot;shutter_speed&quot;:&quot;0.25&quot;,&quot;title&quot;:&quot;&quot;,&quot;orientation&quot;:&quot;1&quot;}\" data-image-title=\"DSC_3567\" data-image-description=\"\" data-image-caption=\"\" data-medium-file=\"https:\/\/i0.wp.com\/scheuten.me\/wp-content\/uploads\/2018\/03\/DSC_3567.jpg?fit=300%2C200&amp;ssl=1\" data-large-file=\"https:\/\/i0.wp.com\/scheuten.me\/wp-content\/uploads\/2018\/03\/DSC_3567.jpg?fit=625%2C416&amp;ssl=1\" class=\"alignnone size-full wp-image-1574\" src=\"https:\/\/i0.wp.com\/scheuten.me\/wp-content\/uploads\/2018\/03\/DSC_3567.jpg?resize=625%2C417\" alt=\"\" width=\"625\" height=\"417\" srcset=\"https:\/\/i0.wp.com\/scheuten.me\/wp-content\/uploads\/2018\/03\/DSC_3567.jpg?w=1280&amp;ssl=1 1280w, https:\/\/i0.wp.com\/scheuten.me\/wp-content\/uploads\/2018\/03\/DSC_3567.jpg?resize=300%2C200&amp;ssl=1 300w, https:\/\/i0.wp.com\/scheuten.me\/wp-content\/uploads\/2018\/03\/DSC_3567.jpg?resize=768%2C512&amp;ssl=1 768w, https:\/\/i0.wp.com\/scheuten.me\/wp-content\/uploads\/2018\/03\/DSC_3567.jpg?resize=1024%2C682&amp;ssl=1 1024w, https:\/\/i0.wp.com\/scheuten.me\/wp-content\/uploads\/2018\/03\/DSC_3567.jpg?resize=624%2C416&amp;ssl=1 624w\" sizes=\"auto, (max-width: 625px) 100vw, 625px\" \/><\/p>\n<p><strong>Schritt 3<\/strong> &#8211; \u00e4usseren Lagerhalter montieren<br \/>\n&#8211; vorbereiteten\/verklebten Lager-Welleneinheit in den \u00e4usseren Lagerhalter einpressen<br \/>\n&#8211; Silikonf\u00fc\u00dfe einsetzen (Option, nur verwenden wenn der Drucker auch F\u00fcsse bekommt)<br \/>\n&#8211; gelasertes Geh\u00e4useteil anschrauben<br \/>\n&#8211; Mittelteil auf die Wellen auff\u00e4deln<\/p>\n<p><img data-recalc-dims=\"1\" loading=\"lazy\" decoding=\"async\" data-attachment-id=\"1666\" data-permalink=\"https:\/\/scheuten.me\/?attachment_id=1666\" data-orig-file=\"https:\/\/i0.wp.com\/scheuten.me\/wp-content\/uploads\/2018\/03\/TR_spool_roller_003.jpg?fit=1960%2C1470&amp;ssl=1\" data-orig-size=\"1960,1470\" data-comments-opened=\"1\" data-image-meta=\"{&quot;aperture&quot;:&quot;0&quot;,&quot;credit&quot;:&quot;&quot;,&quot;camera&quot;:&quot;&quot;,&quot;caption&quot;:&quot;&quot;,&quot;created_timestamp&quot;:&quot;0&quot;,&quot;copyright&quot;:&quot;&quot;,&quot;focal_length&quot;:&quot;0&quot;,&quot;iso&quot;:&quot;0&quot;,&quot;shutter_speed&quot;:&quot;0&quot;,&quot;title&quot;:&quot;&quot;,&quot;orientation&quot;:&quot;0&quot;}\" data-image-title=\"TR_spool_roller_003\" data-image-description=\"\" data-image-caption=\"\" data-medium-file=\"https:\/\/i0.wp.com\/scheuten.me\/wp-content\/uploads\/2018\/03\/TR_spool_roller_003.jpg?fit=300%2C225&amp;ssl=1\" data-large-file=\"https:\/\/i0.wp.com\/scheuten.me\/wp-content\/uploads\/2018\/03\/TR_spool_roller_003.jpg?fit=625%2C469&amp;ssl=1\" class=\"alignnone size-full wp-image-1666\" src=\"https:\/\/i0.wp.com\/scheuten.me\/wp-content\/uploads\/2018\/03\/TR_spool_roller_003.jpg?resize=625%2C469\" alt=\"\" width=\"625\" height=\"469\" srcset=\"https:\/\/i0.wp.com\/scheuten.me\/wp-content\/uploads\/2018\/03\/TR_spool_roller_003.jpg?w=1960&amp;ssl=1 1960w, https:\/\/i0.wp.com\/scheuten.me\/wp-content\/uploads\/2018\/03\/TR_spool_roller_003.jpg?resize=300%2C225&amp;ssl=1 300w, https:\/\/i0.wp.com\/scheuten.me\/wp-content\/uploads\/2018\/03\/TR_spool_roller_003.jpg?resize=768%2C576&amp;ssl=1 768w, https:\/\/i0.wp.com\/scheuten.me\/wp-content\/uploads\/2018\/03\/TR_spool_roller_003.jpg?resize=1024%2C768&amp;ssl=1 1024w, https:\/\/i0.wp.com\/scheuten.me\/wp-content\/uploads\/2018\/03\/TR_spool_roller_003.jpg?resize=624%2C468&amp;ssl=1 624w, https:\/\/i0.wp.com\/scheuten.me\/wp-content\/uploads\/2018\/03\/TR_spool_roller_003.jpg?w=1250 1250w, https:\/\/i0.wp.com\/scheuten.me\/wp-content\/uploads\/2018\/03\/TR_spool_roller_003.jpg?w=1875 1875w\" sizes=\"auto, (max-width: 625px) 100vw, 625px\" \/><\/p>\n<p><strong>Schritt 4<\/strong> &#8211; inneren Lagerhalter montieren<br \/>\n&#8211; freie Wellenenden aus der in Schritt 2 vorbereiteten Einheit in die Lager des inneren Lagerhalters stecken<br \/>\n&#8211; Funktion pr\u00fcfen<br \/>\n&#8211; Lager mit Welle verkleben<\/p>\n<p><img data-recalc-dims=\"1\" loading=\"lazy\" decoding=\"async\" data-attachment-id=\"1664\" data-permalink=\"https:\/\/scheuten.me\/?attachment_id=1664\" data-orig-file=\"https:\/\/i0.wp.com\/scheuten.me\/wp-content\/uploads\/2018\/03\/TR_spool_roller_001-1.jpg?fit=1960%2C1470&amp;ssl=1\" data-orig-size=\"1960,1470\" data-comments-opened=\"1\" data-image-meta=\"{&quot;aperture&quot;:&quot;0&quot;,&quot;credit&quot;:&quot;&quot;,&quot;camera&quot;:&quot;&quot;,&quot;caption&quot;:&quot;&quot;,&quot;created_timestamp&quot;:&quot;0&quot;,&quot;copyright&quot;:&quot;&quot;,&quot;focal_length&quot;:&quot;0&quot;,&quot;iso&quot;:&quot;0&quot;,&quot;shutter_speed&quot;:&quot;0&quot;,&quot;title&quot;:&quot;&quot;,&quot;orientation&quot;:&quot;0&quot;}\" data-image-title=\"TR_spool_roller_001\" data-image-description=\"\" data-image-caption=\"\" data-medium-file=\"https:\/\/i0.wp.com\/scheuten.me\/wp-content\/uploads\/2018\/03\/TR_spool_roller_001-1.jpg?fit=300%2C225&amp;ssl=1\" data-large-file=\"https:\/\/i0.wp.com\/scheuten.me\/wp-content\/uploads\/2018\/03\/TR_spool_roller_001-1.jpg?fit=625%2C469&amp;ssl=1\" class=\"alignnone size-full wp-image-1664\" src=\"https:\/\/i0.wp.com\/scheuten.me\/wp-content\/uploads\/2018\/03\/TR_spool_roller_001-1.jpg?resize=625%2C469\" alt=\"\" width=\"625\" height=\"469\" srcset=\"https:\/\/i0.wp.com\/scheuten.me\/wp-content\/uploads\/2018\/03\/TR_spool_roller_001-1.jpg?w=1960&amp;ssl=1 1960w, https:\/\/i0.wp.com\/scheuten.me\/wp-content\/uploads\/2018\/03\/TR_spool_roller_001-1.jpg?resize=300%2C225&amp;ssl=1 300w, https:\/\/i0.wp.com\/scheuten.me\/wp-content\/uploads\/2018\/03\/TR_spool_roller_001-1.jpg?resize=768%2C576&amp;ssl=1 768w, https:\/\/i0.wp.com\/scheuten.me\/wp-content\/uploads\/2018\/03\/TR_spool_roller_001-1.jpg?resize=1024%2C768&amp;ssl=1 1024w, https:\/\/i0.wp.com\/scheuten.me\/wp-content\/uploads\/2018\/03\/TR_spool_roller_001-1.jpg?resize=624%2C468&amp;ssl=1 624w, https:\/\/i0.wp.com\/scheuten.me\/wp-content\/uploads\/2018\/03\/TR_spool_roller_001-1.jpg?w=1250 1250w, https:\/\/i0.wp.com\/scheuten.me\/wp-content\/uploads\/2018\/03\/TR_spool_roller_001-1.jpg?w=1875 1875w\" sizes=\"auto, (max-width: 625px) 100vw, 625px\" \/><\/p>\n<p><strong>Schritt 5<\/strong> &#8211; Endmontage<br \/>\n&#8211; Spulenabrollereinheit auf einwandfreie Funktion testen und an das Geh\u00e4use des Tantillus anschrauben<\/p>\n<p><a href=\"https:\/\/i0.wp.com\/scheuten.me\/wp-content\/uploads\/2018\/01\/screws_spool_roller_assembly.jpg\" rel=\"lightbox[1468]\"><img data-recalc-dims=\"1\" loading=\"lazy\" decoding=\"async\" data-attachment-id=\"1187\" data-permalink=\"https:\/\/scheuten.me\/?attachment_id=1187\" data-orig-file=\"https:\/\/i0.wp.com\/scheuten.me\/wp-content\/uploads\/2018\/01\/screws_spool_roller_assembly.jpg?fit=1280%2C720&amp;ssl=1\" data-orig-size=\"1280,720\" data-comments-opened=\"1\" data-image-meta=\"{&quot;aperture&quot;:&quot;0&quot;,&quot;credit&quot;:&quot;&quot;,&quot;camera&quot;:&quot;&quot;,&quot;caption&quot;:&quot;&quot;,&quot;created_timestamp&quot;:&quot;1516317928&quot;,&quot;copyright&quot;:&quot;&quot;,&quot;focal_length&quot;:&quot;0&quot;,&quot;iso&quot;:&quot;0&quot;,&quot;shutter_speed&quot;:&quot;0&quot;,&quot;title&quot;:&quot;&quot;,&quot;orientation&quot;:&quot;1&quot;}\" data-image-title=\"screws_spool_roller_assembly\" data-image-description=\"\" data-image-caption=\"\" data-medium-file=\"https:\/\/i0.wp.com\/scheuten.me\/wp-content\/uploads\/2018\/01\/screws_spool_roller_assembly.jpg?fit=300%2C169&amp;ssl=1\" data-large-file=\"https:\/\/i0.wp.com\/scheuten.me\/wp-content\/uploads\/2018\/01\/screws_spool_roller_assembly.jpg?fit=625%2C352&amp;ssl=1\" class=\"alignnone wp-image-1187 size-full\" src=\"https:\/\/i0.wp.com\/scheuten.me\/wp-content\/uploads\/2018\/01\/screws_spool_roller_assembly.jpg?resize=625%2C352\" alt=\"\" width=\"625\" height=\"352\" srcset=\"https:\/\/i0.wp.com\/scheuten.me\/wp-content\/uploads\/2018\/01\/screws_spool_roller_assembly.jpg?w=1280&amp;ssl=1 1280w, https:\/\/i0.wp.com\/scheuten.me\/wp-content\/uploads\/2018\/01\/screws_spool_roller_assembly.jpg?resize=300%2C169&amp;ssl=1 300w, https:\/\/i0.wp.com\/scheuten.me\/wp-content\/uploads\/2018\/01\/screws_spool_roller_assembly.jpg?resize=768%2C432&amp;ssl=1 768w, https:\/\/i0.wp.com\/scheuten.me\/wp-content\/uploads\/2018\/01\/screws_spool_roller_assembly.jpg?resize=1024%2C576&amp;ssl=1 1024w, https:\/\/i0.wp.com\/scheuten.me\/wp-content\/uploads\/2018\/01\/screws_spool_roller_assembly.jpg?resize=624%2C351&amp;ssl=1 624w\" sizes=\"auto, (max-width: 625px) 100vw, 625px\" \/><\/a><\/p>\n<p><img data-recalc-dims=\"1\" loading=\"lazy\" decoding=\"async\" data-attachment-id=\"1720\" data-permalink=\"https:\/\/scheuten.me\/?attachment_id=1720\" data-orig-file=\"https:\/\/i0.wp.com\/scheuten.me\/wp-content\/uploads\/2018\/03\/TR_spool_roller_005.jpg?fit=1440%2C1920&amp;ssl=1\" data-orig-size=\"1440,1920\" data-comments-opened=\"1\" data-image-meta=\"{&quot;aperture&quot;:&quot;0&quot;,&quot;credit&quot;:&quot;&quot;,&quot;camera&quot;:&quot;&quot;,&quot;caption&quot;:&quot;&quot;,&quot;created_timestamp&quot;:&quot;0&quot;,&quot;copyright&quot;:&quot;&quot;,&quot;focal_length&quot;:&quot;0&quot;,&quot;iso&quot;:&quot;0&quot;,&quot;shutter_speed&quot;:&quot;0&quot;,&quot;title&quot;:&quot;&quot;,&quot;orientation&quot;:&quot;0&quot;}\" data-image-title=\"TR_spool_roller_005\" data-image-description=\"\" data-image-caption=\"\" data-medium-file=\"https:\/\/i0.wp.com\/scheuten.me\/wp-content\/uploads\/2018\/03\/TR_spool_roller_005.jpg?fit=225%2C300&amp;ssl=1\" data-large-file=\"https:\/\/i0.wp.com\/scheuten.me\/wp-content\/uploads\/2018\/03\/TR_spool_roller_005.jpg?fit=625%2C833&amp;ssl=1\" class=\"alignnone size-full wp-image-1720\" src=\"https:\/\/i0.wp.com\/scheuten.me\/wp-content\/uploads\/2018\/03\/TR_spool_roller_005.jpg?resize=625%2C833\" alt=\"\" width=\"625\" height=\"833\" srcset=\"https:\/\/i0.wp.com\/scheuten.me\/wp-content\/uploads\/2018\/03\/TR_spool_roller_005.jpg?w=1440&amp;ssl=1 1440w, https:\/\/i0.wp.com\/scheuten.me\/wp-content\/uploads\/2018\/03\/TR_spool_roller_005.jpg?resize=225%2C300&amp;ssl=1 225w, https:\/\/i0.wp.com\/scheuten.me\/wp-content\/uploads\/2018\/03\/TR_spool_roller_005.jpg?resize=768%2C1024&amp;ssl=1 768w, https:\/\/i0.wp.com\/scheuten.me\/wp-content\/uploads\/2018\/03\/TR_spool_roller_005.jpg?resize=624%2C832&amp;ssl=1 624w, https:\/\/i0.wp.com\/scheuten.me\/wp-content\/uploads\/2018\/03\/TR_spool_roller_005.jpg?w=1250 1250w\" sizes=\"auto, (max-width: 625px) 100vw, 625px\" \/><\/p>\n<hr \/>\n<ul>\n<li><a href=\"http:\/\/scheuten.me\/?page_id=1056\">Kapitel 0 &#8211; Vorwort<\/a><\/li>\n<li><a href=\"http:\/\/scheuten.me\/?page_id=1387\">Kapitel 1 &#8211; Geh\u00e4use<\/a><\/li>\n<li><a href=\"http:\/\/scheuten.me\/?page_id=1406\">Kapitel 2 &#8211; Z-Achse<\/a><\/li>\n<li><a href=\"http:\/\/scheuten.me\/?page_id=1414\">Kapitel 3 &#8211; XY-Achssystem<\/a><\/li>\n<li><a href=\"http:\/\/scheuten.me\/?page_id=1419\">Kapitel 4 &#8211; Heizbett<\/a><\/li>\n<li><a href=\"http:\/\/scheuten.me\/?page_id=1433\">Kapitel 5 &#8211; K\u00fchlung<\/a><\/li>\n<li><a href=\"http:\/\/scheuten.me\/?page_id=1462\">Kapitel 6 &#8211; Extruder<\/a><\/li>\n<li><a href=\"http:\/\/scheuten.me\/?page_id=1437\">Kapitel 7 &#8211; Hotend<\/a><\/li>\n<li><a href=\"http:\/\/scheuten.me\/?page_id=1476\">Kapitel 8 &#8211; Elektronik<\/a><\/li>\n<li><a href=\"http:\/\/scheuten.me\/?page_id=1468\">Kapitel 9 &#8211; Filamentabroller<\/a><\/li>\n<li><a href=\"http:\/\/scheuten.me\/?page_id=1616\">Kapitel 10 &#8211; Silikonteile<\/a><\/li>\n<li><a href=\"http:\/\/scheuten.me\/?page_id=1735\">Kapitel 11 &#8211; Option: Riementriebabdeckung<\/a><\/li>\n<li><a href=\"http:\/\/scheuten.me\/?page_id=1460\">Kapitel 12 &#8211; Option: Rasperry Pi Zero<\/a><\/li>\n<li><a href=\"http:\/\/scheuten.me\/?page_id=1482\">Kapitel 13 &#8211; Option: USV f\u00fcr den Pi<\/a><\/li>\n<li><a href=\"http:\/\/scheuten.me\/?page_id=1440\">Kapitel 14 &#8211; BOM \/ Downloads<\/a><\/li>\n<li><a href=\"http:\/\/scheuten.me\/?page_id=1443\">Kapitel 15 &#8211; FAQ<\/a><\/li>\n<li><a href=\"http:\/\/scheuten.me\/?page_id=1457\">Kapitel 16 &#8211; Musterdrucke<\/a><\/li>\n<li><a href=\"http:\/\/scheuten.me\/?page_id=1448\">Kapitel 17 &#8211; Schlusswort<\/a><\/li>\n<\/ul>\n<p>Kontrollvermerk:<br \/>\n\u2013 fertig, bitte kontrollieren<\/p>\n","protected":false},"excerpt":{"rendered":"<p>Tantillus Reborn Kapitel 9 &#8211; Filamentabroller click here for the international\/english version of this chapter Bei vielen Druckern wird gerne einfach das Thema Spulenhalter vergessen. Im Endeffekt ist die Abrollvorrichtung dann als zus\u00e4tzliches Teil irgendwo neben dem Drucker bzw. es werden irgendwo Halter angebracht die wie Fremdk\u00f6rper wirken. Der Tantillus wurde von vornherein auch f\u00fcr [&hellip;]<\/p>\n","protected":false},"author":1,"featured_media":0,"parent":1056,"menu_order":9,"comment_status":"open","ping_status":"open","template":"","meta":{"jetpack_post_was_ever_published":false,"footnotes":""},"class_list":["post-1468","page","type-page","status-publish","hentry"],"jetpack_shortlink":"https:\/\/wp.me\/P6lfHf-nG","jetpack-related-posts":[],"jetpack_sharing_enabled":true,"_links":{"self":[{"href":"https:\/\/scheuten.me\/index.php?rest_route=\/wp\/v2\/pages\/1468","targetHints":{"allow":["GET"]}}],"collection":[{"href":"https:\/\/scheuten.me\/index.php?rest_route=\/wp\/v2\/pages"}],"about":[{"href":"https:\/\/scheuten.me\/index.php?rest_route=\/wp\/v2\/types\/page"}],"author":[{"embeddable":true,"href":"https:\/\/scheuten.me\/index.php?rest_route=\/wp\/v2\/users\/1"}],"replies":[{"embeddable":true,"href":"https:\/\/scheuten.me\/index.php?rest_route=%2Fwp%2Fv2%2Fcomments&post=1468"}],"version-history":[{"count":18,"href":"https:\/\/scheuten.me\/index.php?rest_route=\/wp\/v2\/pages\/1468\/revisions"}],"predecessor-version":[{"id":2096,"href":"https:\/\/scheuten.me\/index.php?rest_route=\/wp\/v2\/pages\/1468\/revisions\/2096"}],"up":[{"embeddable":true,"href":"https:\/\/scheuten.me\/index.php?rest_route=\/wp\/v2\/pages\/1056"}],"wp:attachment":[{"href":"https:\/\/scheuten.me\/index.php?rest_route=%2Fwp%2Fv2%2Fmedia&parent=1468"}],"curies":[{"name":"wp","href":"https:\/\/api.w.org\/{rel}","templated":true}]}}