{"id":1462,"date":"2018-03-06T23:56:21","date_gmt":"2018-03-06T22:56:21","guid":{"rendered":"http:\/\/scheuten.me\/?page_id=1462"},"modified":"2018-06-01T00:15:26","modified_gmt":"2018-05-31T22:15:26","slug":"tr-extrudr","status":"publish","type":"page","link":"https:\/\/scheuten.me\/?page_id=1462","title":{"rendered":"TR &#8211; Extruder"},"content":{"rendered":"<h1>Tantillus Reborn<\/h1>\n<h2>Kapitel 6 &#8211; Extruder<\/h2>\n<p><a href=\"http:\/\/scheuten.me\/?page_id=2051\">click here for the international\/english version of this chapter<\/a><\/p>\n<p><img data-recalc-dims=\"1\" loading=\"lazy\" decoding=\"async\" data-attachment-id=\"1584\" data-permalink=\"https:\/\/scheuten.me\/?attachment_id=1584\" data-orig-file=\"https:\/\/i0.wp.com\/scheuten.me\/wp-content\/uploads\/2018\/03\/TR_extruder_001.jpg?fit=1470%2C1960&amp;ssl=1\" data-orig-size=\"1470,1960\" data-comments-opened=\"1\" data-image-meta=\"{&quot;aperture&quot;:&quot;0&quot;,&quot;credit&quot;:&quot;&quot;,&quot;camera&quot;:&quot;&quot;,&quot;caption&quot;:&quot;&quot;,&quot;created_timestamp&quot;:&quot;0&quot;,&quot;copyright&quot;:&quot;&quot;,&quot;focal_length&quot;:&quot;0&quot;,&quot;iso&quot;:&quot;0&quot;,&quot;shutter_speed&quot;:&quot;0&quot;,&quot;title&quot;:&quot;&quot;,&quot;orientation&quot;:&quot;0&quot;}\" data-image-title=\"TR_extruder_001\" data-image-description=\"\" data-image-caption=\"\" data-medium-file=\"https:\/\/i0.wp.com\/scheuten.me\/wp-content\/uploads\/2018\/03\/TR_extruder_001.jpg?fit=225%2C300&amp;ssl=1\" data-large-file=\"https:\/\/i0.wp.com\/scheuten.me\/wp-content\/uploads\/2018\/03\/TR_extruder_001.jpg?fit=625%2C833&amp;ssl=1\" class=\"alignnone size-full wp-image-1584\" src=\"https:\/\/i0.wp.com\/scheuten.me\/wp-content\/uploads\/2018\/03\/TR_extruder_001.jpg?resize=625%2C833\" alt=\"\" width=\"625\" height=\"833\" srcset=\"https:\/\/i0.wp.com\/scheuten.me\/wp-content\/uploads\/2018\/03\/TR_extruder_001.jpg?w=1470&amp;ssl=1 1470w, https:\/\/i0.wp.com\/scheuten.me\/wp-content\/uploads\/2018\/03\/TR_extruder_001.jpg?resize=225%2C300&amp;ssl=1 225w, https:\/\/i0.wp.com\/scheuten.me\/wp-content\/uploads\/2018\/03\/TR_extruder_001.jpg?resize=768%2C1024&amp;ssl=1 768w, https:\/\/i0.wp.com\/scheuten.me\/wp-content\/uploads\/2018\/03\/TR_extruder_001.jpg?resize=624%2C832&amp;ssl=1 624w, https:\/\/i0.wp.com\/scheuten.me\/wp-content\/uploads\/2018\/03\/TR_extruder_001.jpg?w=1250 1250w\" sizes=\"auto, (max-width: 625px) 100vw, 625px\" \/><\/p>\n<p>Momentan ist es scheinbar Trend sehr teure, kommerzielle Extruder zu verwenden. Warum scheint nicht recht nachvollziehbar, da wir schon seit Jahren mit simplen, selbstgedruckten Extrudern \u00fcberragende Ergebnisse erzielt haben.<br \/>\nUm die Kosten im Rahmen zu halten kommen kommerzielle Extruder eh nicht in Frage.<\/p>\n<p>Auch wenn es doch bereits sehr gute open-source Extruder gibt, musste eine Neukonstruktion her. Der Extruder sollte sich nahtlos in die Optik des Tantillus einf\u00fcgen, frei von Fremdlizenzen sein und auch in die sehr begrenzten Platzverh\u00e4ltnisse passen.<br \/>\nDer neue Extruder sollte auch unbedingt auf Pushfits\/Steckverbinder verzichten.<\/p>\n<p>Tausende Druckstunden haben uns gelehrt dass die gr\u00f6\u00dfte Schwachstelle in einem Bowden-System immer die Pushfits\/Steckverbinder sind.<br \/>\nDiese leiern irgendwann aus bzw. schneiden sich immer weiter in den Teflon Schlauch. So entsteht im Laufe der Zeit ein immer gr\u00f6\u00dfer werdendes Spiel. Die Druckergebnisse werden ganz langsam schleichend immer schlechter bis man sich wundert warum man z.B. gr\u00f6\u00dfere Werte f\u00fcr einen Retract ben\u00f6tigt.<\/p>\n<p>Der originale Tantillus verwendet einen mit Zahnr\u00e4dern untersetzen (2,7:1) Extruder f\u00fcr 3mm Filament.<br \/>\nHier ein paar errechnete Daten:<br \/>\nAusgangsdaten: 1,8\u00b0 Stepper, 8mm hobbed bolt mit 7mm Wirkduchmesser, 3mm Filament<br \/>\n&#8211; ca. 24,56 Vollschritte\/mm (392,89 bei 1\/16 Mikroschritt)<br \/>\n&#8211; ca. 3,47 Vollschritte\/mm\u00b3 (55,57 bei 1\/16 Mikroschritt)<\/p>\n<p>Mittlerweile ist Filament mit 1,75mm Durchmesser der markt\u00fcbliche Standard. Wir haben uns f\u00fcr die Verwendung eines MK7 Ritzels entschieden, da wir von der feinen aber doch recht scharfen Verzahnung \u00fcberzeugt sind.<br \/>\nHier wieder ein paar errechnete Daten:<br \/>\nAusgangsdaten: 1,8\u00b0 Stepper, MK7 drive gear mit 10,6 mm Wirkduchmesser, 1,75mm Filament<br \/>\n&#8211; ca. 6,00 Vollschritte\/mm (96,1 bei 1\/16 Mikroschritt)<br \/>\n&#8211; ca. 2,49\u00a0Vollschritte\/mm\u00b3 (39,96 bei 1\/16 Mikroschritt)<\/p>\n<p>Die Aufl\u00f6sung des neuen Extruders ist also trotz Direktantrieb durch das 1,75mm Filament selbst f\u00fcr feine Drucke ausreichend hoch. Schnelle Retracts sind m\u00f6glich.<\/p>\n<p>Da &#8222;nur&#8220; ein 8-Bit Prozessor verwendet wird gilt es mit den verf\u00fcgbaren Schritten sparsam umzugehen. Eine gro\u00dfz\u00fcgige Getriebeuntersetzung wie z.B. bei einem Wade oder Titan Extruder kann die maximale Geschwindigkeit der XY-Kinematik negativ beeinflussen.<\/p>\n<p><img data-recalc-dims=\"1\" loading=\"lazy\" decoding=\"async\" data-attachment-id=\"1585\" data-permalink=\"https:\/\/scheuten.me\/?attachment_id=1585\" data-orig-file=\"https:\/\/i0.wp.com\/scheuten.me\/wp-content\/uploads\/2018\/03\/TR_extruder_002.jpg?fit=1470%2C1960&amp;ssl=1\" data-orig-size=\"1470,1960\" data-comments-opened=\"1\" data-image-meta=\"{&quot;aperture&quot;:&quot;0&quot;,&quot;credit&quot;:&quot;&quot;,&quot;camera&quot;:&quot;&quot;,&quot;caption&quot;:&quot;&quot;,&quot;created_timestamp&quot;:&quot;0&quot;,&quot;copyright&quot;:&quot;&quot;,&quot;focal_length&quot;:&quot;0&quot;,&quot;iso&quot;:&quot;0&quot;,&quot;shutter_speed&quot;:&quot;0&quot;,&quot;title&quot;:&quot;&quot;,&quot;orientation&quot;:&quot;0&quot;}\" data-image-title=\"TR_extruder_002\" data-image-description=\"\" data-image-caption=\"\" data-medium-file=\"https:\/\/i0.wp.com\/scheuten.me\/wp-content\/uploads\/2018\/03\/TR_extruder_002.jpg?fit=225%2C300&amp;ssl=1\" data-large-file=\"https:\/\/i0.wp.com\/scheuten.me\/wp-content\/uploads\/2018\/03\/TR_extruder_002.jpg?fit=625%2C833&amp;ssl=1\" class=\"alignnone size-full wp-image-1585\" src=\"https:\/\/i0.wp.com\/scheuten.me\/wp-content\/uploads\/2018\/03\/TR_extruder_002.jpg?resize=625%2C833\" alt=\"\" width=\"625\" height=\"833\" srcset=\"https:\/\/i0.wp.com\/scheuten.me\/wp-content\/uploads\/2018\/03\/TR_extruder_002.jpg?w=1470&amp;ssl=1 1470w, https:\/\/i0.wp.com\/scheuten.me\/wp-content\/uploads\/2018\/03\/TR_extruder_002.jpg?resize=225%2C300&amp;ssl=1 225w, https:\/\/i0.wp.com\/scheuten.me\/wp-content\/uploads\/2018\/03\/TR_extruder_002.jpg?resize=768%2C1024&amp;ssl=1 768w, https:\/\/i0.wp.com\/scheuten.me\/wp-content\/uploads\/2018\/03\/TR_extruder_002.jpg?resize=624%2C832&amp;ssl=1 624w, https:\/\/i0.wp.com\/scheuten.me\/wp-content\/uploads\/2018\/03\/TR_extruder_002.jpg?w=1250 1250w\" sizes=\"auto, (max-width: 625px) 100vw, 625px\" \/><\/p>\n<p>Der neu konstruierte Extruder quetscht alle erforderlich Funktionen auf ein Minimum an Platz.<br \/>\nDie beiden gedruckten Geh\u00e4useh\u00e4lften des Extruder werden miteinander verschraubt und bilden somit eine Einheit. Diese Einheit wird mittels einer gelaserten Druckplatte und 2 Schrauben am Drucker am befestigt. Das Extruderritzel kann somit zug\u00e4nglich gemacht bzw. gereinigt werden ohne den Extruder selbst zu zerlegen.<\/p>\n<p>Bei Geh\u00e4usen aus farbigem Acryl bzw. anderen Materialien bietet es sich an die Druckplatte aus klarem Acryl zu lasern. Die Einsicht in den Extruder bleibt somit stets gew\u00e4hrt. Wer seinem Extruder vertraut kann zugunsten der Optik die Druckplatten aus seinem Wunschgeh\u00e4usematerial fertigen.<\/p>\n<p><img data-recalc-dims=\"1\" loading=\"lazy\" decoding=\"async\" data-attachment-id=\"1925\" data-permalink=\"https:\/\/scheuten.me\/?attachment_id=1925\" data-orig-file=\"https:\/\/i0.wp.com\/scheuten.me\/wp-content\/uploads\/2018\/05\/TR_extruder_screws.jpg?fit=1280%2C960&amp;ssl=1\" data-orig-size=\"1280,960\" data-comments-opened=\"1\" data-image-meta=\"{&quot;aperture&quot;:&quot;0&quot;,&quot;credit&quot;:&quot;&quot;,&quot;camera&quot;:&quot;&quot;,&quot;caption&quot;:&quot;&quot;,&quot;created_timestamp&quot;:&quot;1525392392&quot;,&quot;copyright&quot;:&quot;&quot;,&quot;focal_length&quot;:&quot;0&quot;,&quot;iso&quot;:&quot;0&quot;,&quot;shutter_speed&quot;:&quot;0&quot;,&quot;title&quot;:&quot;&quot;,&quot;orientation&quot;:&quot;1&quot;}\" data-image-title=\"TR_extruder_screws\" data-image-description=\"\" data-image-caption=\"\" data-medium-file=\"https:\/\/i0.wp.com\/scheuten.me\/wp-content\/uploads\/2018\/05\/TR_extruder_screws.jpg?fit=300%2C225&amp;ssl=1\" data-large-file=\"https:\/\/i0.wp.com\/scheuten.me\/wp-content\/uploads\/2018\/05\/TR_extruder_screws.jpg?fit=625%2C469&amp;ssl=1\" class=\"alignnone size-full wp-image-1925\" src=\"https:\/\/i0.wp.com\/scheuten.me\/wp-content\/uploads\/2018\/05\/TR_extruder_screws.jpg?resize=625%2C469\" alt=\"\" width=\"625\" height=\"469\" srcset=\"https:\/\/i0.wp.com\/scheuten.me\/wp-content\/uploads\/2018\/05\/TR_extruder_screws.jpg?w=1280&amp;ssl=1 1280w, https:\/\/i0.wp.com\/scheuten.me\/wp-content\/uploads\/2018\/05\/TR_extruder_screws.jpg?resize=300%2C225&amp;ssl=1 300w, https:\/\/i0.wp.com\/scheuten.me\/wp-content\/uploads\/2018\/05\/TR_extruder_screws.jpg?resize=768%2C576&amp;ssl=1 768w, https:\/\/i0.wp.com\/scheuten.me\/wp-content\/uploads\/2018\/05\/TR_extruder_screws.jpg?resize=1024%2C768&amp;ssl=1 1024w, https:\/\/i0.wp.com\/scheuten.me\/wp-content\/uploads\/2018\/05\/TR_extruder_screws.jpg?resize=624%2C468&amp;ssl=1 624w\" sizes=\"auto, (max-width: 625px) 100vw, 625px\" \/><\/p>\n<p><img data-recalc-dims=\"1\" loading=\"lazy\" decoding=\"async\" data-attachment-id=\"1719\" data-permalink=\"https:\/\/scheuten.me\/?attachment_id=1719\" data-orig-file=\"https:\/\/i0.wp.com\/scheuten.me\/wp-content\/uploads\/2018\/03\/TR_extruder_003.jpg?fit=1440%2C1920&amp;ssl=1\" data-orig-size=\"1440,1920\" data-comments-opened=\"1\" data-image-meta=\"{&quot;aperture&quot;:&quot;0&quot;,&quot;credit&quot;:&quot;&quot;,&quot;camera&quot;:&quot;&quot;,&quot;caption&quot;:&quot;&quot;,&quot;created_timestamp&quot;:&quot;0&quot;,&quot;copyright&quot;:&quot;&quot;,&quot;focal_length&quot;:&quot;0&quot;,&quot;iso&quot;:&quot;0&quot;,&quot;shutter_speed&quot;:&quot;0&quot;,&quot;title&quot;:&quot;&quot;,&quot;orientation&quot;:&quot;0&quot;}\" data-image-title=\"TR_extruder_003\" data-image-description=\"\" data-image-caption=\"\" data-medium-file=\"https:\/\/i0.wp.com\/scheuten.me\/wp-content\/uploads\/2018\/03\/TR_extruder_003.jpg?fit=225%2C300&amp;ssl=1\" data-large-file=\"https:\/\/i0.wp.com\/scheuten.me\/wp-content\/uploads\/2018\/03\/TR_extruder_003.jpg?fit=625%2C833&amp;ssl=1\" class=\"alignnone size-full wp-image-1719\" src=\"https:\/\/i0.wp.com\/scheuten.me\/wp-content\/uploads\/2018\/03\/TR_extruder_003.jpg?resize=625%2C833\" alt=\"\" width=\"625\" height=\"833\" srcset=\"https:\/\/i0.wp.com\/scheuten.me\/wp-content\/uploads\/2018\/03\/TR_extruder_003.jpg?w=1440&amp;ssl=1 1440w, https:\/\/i0.wp.com\/scheuten.me\/wp-content\/uploads\/2018\/03\/TR_extruder_003.jpg?resize=225%2C300&amp;ssl=1 225w, https:\/\/i0.wp.com\/scheuten.me\/wp-content\/uploads\/2018\/03\/TR_extruder_003.jpg?resize=768%2C1024&amp;ssl=1 768w, https:\/\/i0.wp.com\/scheuten.me\/wp-content\/uploads\/2018\/03\/TR_extruder_003.jpg?resize=624%2C832&amp;ssl=1 624w, https:\/\/i0.wp.com\/scheuten.me\/wp-content\/uploads\/2018\/03\/TR_extruder_003.jpg?w=1250 1250w\" sizes=\"auto, (max-width: 625px) 100vw, 625px\" \/><\/p>\n<hr \/>\n<ul>\n<li><a href=\"http:\/\/scheuten.me\/?page_id=1056\">Kapitel 0 &#8211; Vorwort<\/a><\/li>\n<li><a href=\"http:\/\/scheuten.me\/?page_id=1387\">Kapitel 1 &#8211; Geh\u00e4use<\/a><\/li>\n<li><a href=\"http:\/\/scheuten.me\/?page_id=1406\">Kapitel 2 &#8211; Z-Achse<\/a><\/li>\n<li><a href=\"http:\/\/scheuten.me\/?page_id=1414\">Kapitel 3 &#8211; XY-Achssystem<\/a><\/li>\n<li><a href=\"http:\/\/scheuten.me\/?page_id=1419\">Kapitel 4 &#8211; Heizbett<\/a><\/li>\n<li><a href=\"http:\/\/scheuten.me\/?page_id=1433\">Kapitel 5 &#8211; K\u00fchlung<\/a><\/li>\n<li><a href=\"http:\/\/scheuten.me\/?page_id=1462\">Kapitel 6 &#8211; Extruder<\/a><\/li>\n<li><a href=\"http:\/\/scheuten.me\/?page_id=1437\">Kapitel 7 &#8211; Hotend<\/a><\/li>\n<li><a href=\"http:\/\/scheuten.me\/?page_id=1476\">Kapitel 8 &#8211; Elektronik<\/a><\/li>\n<li><a href=\"http:\/\/scheuten.me\/?page_id=1468\">Kapitel 9 &#8211; Filamentabroller<\/a><\/li>\n<li><a href=\"http:\/\/scheuten.me\/?page_id=1616\">Kapitel 10 &#8211; Silikonteile<\/a><\/li>\n<li><a href=\"http:\/\/scheuten.me\/?page_id=1735\">Kapitel 11 &#8211; Option: Riementriebabdeckung<\/a><\/li>\n<li><a href=\"http:\/\/scheuten.me\/?page_id=1460\">Kapitel 12 &#8211; Option: Rasperry Pi Zero<\/a><\/li>\n<li><a href=\"http:\/\/scheuten.me\/?page_id=1482\">Kapitel 13 &#8211; Option: USV f\u00fcr den Pi<\/a><\/li>\n<li><a href=\"http:\/\/scheuten.me\/?page_id=1440\">Kapitel 14 &#8211; BOM \/ Downloads<\/a><\/li>\n<li><a href=\"http:\/\/scheuten.me\/?page_id=1443\">Kapitel 15 &#8211; FAQ<\/a><\/li>\n<li><a href=\"http:\/\/scheuten.me\/?page_id=1457\">Kapitel 16 &#8211; Musterdrucke<\/a><\/li>\n<li><a href=\"http:\/\/scheuten.me\/?page_id=1448\">Kapitel 17 &#8211; Schlusswort<\/a><\/li>\n<\/ul>\n","protected":false},"excerpt":{"rendered":"<p>Tantillus Reborn Kapitel 6 &#8211; Extruder click here for the international\/english version of this chapter Momentan ist es scheinbar Trend sehr teure, kommerzielle Extruder zu verwenden. Warum scheint nicht recht nachvollziehbar, da wir schon seit Jahren mit simplen, selbstgedruckten Extrudern \u00fcberragende Ergebnisse erzielt haben. Um die Kosten im Rahmen zu halten kommen kommerzielle Extruder eh [&hellip;]<\/p>\n","protected":false},"author":1,"featured_media":0,"parent":1056,"menu_order":6,"comment_status":"open","ping_status":"open","template":"","meta":{"jetpack_post_was_ever_published":false,"footnotes":""},"class_list":["post-1462","page","type-page","status-publish","hentry"],"jetpack_shortlink":"https:\/\/wp.me\/P6lfHf-nA","jetpack-related-posts":[],"jetpack_sharing_enabled":true,"_links":{"self":[{"href":"https:\/\/scheuten.me\/index.php?rest_route=\/wp\/v2\/pages\/1462","targetHints":{"allow":["GET"]}}],"collection":[{"href":"https:\/\/scheuten.me\/index.php?rest_route=\/wp\/v2\/pages"}],"about":[{"href":"https:\/\/scheuten.me\/index.php?rest_route=\/wp\/v2\/types\/page"}],"author":[{"embeddable":true,"href":"https:\/\/scheuten.me\/index.php?rest_route=\/wp\/v2\/users\/1"}],"replies":[{"embeddable":true,"href":"https:\/\/scheuten.me\/index.php?rest_route=%2Fwp%2Fv2%2Fcomments&post=1462"}],"version-history":[{"count":17,"href":"https:\/\/scheuten.me\/index.php?rest_route=\/wp\/v2\/pages\/1462\/revisions"}],"predecessor-version":[{"id":2094,"href":"https:\/\/scheuten.me\/index.php?rest_route=\/wp\/v2\/pages\/1462\/revisions\/2094"}],"up":[{"embeddable":true,"href":"https:\/\/scheuten.me\/index.php?rest_route=\/wp\/v2\/pages\/1056"}],"wp:attachment":[{"href":"https:\/\/scheuten.me\/index.php?rest_route=%2Fwp%2Fv2%2Fmedia&parent=1462"}],"curies":[{"name":"wp","href":"https:\/\/api.w.org\/{rel}","templated":true}]}}