{"id":1448,"date":"2018-03-06T23:09:51","date_gmt":"2018-03-06T22:09:51","guid":{"rendered":"http:\/\/scheuten.me\/?page_id=1448"},"modified":"2018-06-01T00:24:21","modified_gmt":"2018-05-31T22:24:21","slug":"tr-schlusswort-kontakt","status":"publish","type":"page","link":"https:\/\/scheuten.me\/?page_id=1448","title":{"rendered":"TR &#8211; Schlusswort \/ Kontakt"},"content":{"rendered":"<h1>Tantillus Reborn<\/h1>\n<h2>Kapitel 17 &#8211; Schlusswort \/ Kontakt<\/h2>\n<p><a href=\"http:\/\/scheuten.me\/?page_id=2028\">click here for the international\/english version of this chapter<\/a><\/p>\n<p>Gl\u00fcckwunsch du hast geschafft dich durch mehr als 10000 Worte Dokumentation zu qu\u00e4len!<\/p>\n<p>Wir w\u00fcnschen viel Spa\u00df beim Nachbauen!<\/p>\n<p>Bitte bedenkt, sollte irgendwas nicht funktionieren, es ist wie mit E3D-Hotends.<br \/>\nIm Zweifelsfall hat der &#8222;Kunde&#8220; es falsch zusammengebaut \ud83d\ude09<\/p>\n<hr \/>\n<h3><strong>pers\u00f6nliches Schlusswort:<\/strong><\/h3>\n<p>Lars aka toolson:<br \/>\n<em>Mein Dank geht an allererster Stelle an Manuel, ohne ihn h\u00e4tte ich das Hirngespinnst wohl nie umgesetzt. Es hat extrem viel Spa\u00df gemacht den Drucker im Team zu entwickeln. Dem Ergebnis sieht man deutlich die Power of Teamwork an, da kann man Stolz drauf sein.<\/em><\/p>\n<p><em>Insbesondere die Tatsache das Manu alle verf\u00fcgbaren Fettn\u00e4pfchen mitgenommen hat, hat sehr geholfen. (Du weisst wie ich das meine \ud83d\ude09 )<\/em><\/p>\n<p>&nbsp;<\/p>\n<p>Manuel aka Protoprinter:<br \/>\n<em>Mein Dank geht an Lars, der das Potential des Druckers lange vor mir entdeckt und mich \u00fcberhaupt erst angefixt hat. Mein Dank geht auch an meine Familie, die unter meiner gelegentlichen Abgelenktheit durch auffallend h\u00e4ufig versalzenes Essen zu leiden hatte und R\u00fcckschl\u00e4ge an meinem Gesicht ablesen konnte.<\/em><\/p>\n<p><em>Die Teamarbeit war unheimlich ergiebig, erquickend und im Gegensatz zu unserem Schriftverkehr stets auf hohem Niveau. Lars hat es geschafft den roten Faden des Gesamtkonzepts zu behalten, auch wenn meine Phantasie gelegentlich mal mit mir durchging. Die akribische CAD Arbeit im Vorfeld hat sich ausgezahlt und Planungsfehler weitgehend verhindert. Das Ergebnis kann sich sehen lassen, das Ergebnis des Ergebnisses ebenfalls (Druckteile). Ich hoffe, dass sich der ein oder andere Nachbauer findet und sich der Drucker weiter entwickelt. Eine Erkenntnis mit der ich vor dem Projekt nicht gerechnet h\u00e4tte: Lars ist witzig!<\/em><\/p>\n<p><strong>Und zu guter Letzt:<\/strong><br \/>\nUnser Dank geht an dieser Stelle auch an unsere flei\u00dfigen\u00a0Lektoren Alexander und Gregor, die mit ihrer nervigen\u00a0aber aufgeschlossenen Art<span class=\"Apple-converted-space\">\u00a0<\/span>der\u00a0Dokumentation ihren letzten Feinschliff auf molekularer Ebene gegeben haben.<span class=\"Apple-converted-space\">\u00a0<\/span>S\u00e4mtliche verbliebenen Fehler in der Doku sind vermutlich der\u00a0Ablenkung aller Beteiligten im Slack durch nicht Tantillus relevante Themen zu\u00a0zuschreiben. (Abbildungen verzehrfertiger Tierkadaver, Abbildungen h\u00f6chstgradig industriell verarbeiteter Lebensmittel vor der Intoxikation, Exkurse ins Brauereiwesen und die Funktion biologischerKl\u00e4rstufen im eigenen Garten, Fotodokumentarische Nachweise zur Existenz von Vampiren) Die beiden haben au\u00dferdem enorm geholfen, das\u00a0erkl\u00e4rte Ziel nicht aus den Augen zu verlieren: einfach Spa\u00df zu haben!<\/p>\n<hr \/>\n<h3>Kontakt<\/h3>\n<p>Trotz aller Sorgfalt k\u00f6nnen sich Fehler eingeschlichen haben bzw. immer noch Themen unklar sein.<br \/>\nHierf\u00fcr ist das Kontaktformular da. Bitte nutzt dies nur f\u00fcr h\u00f6flich und klar formulierte Anfragen. Die Beantwortung von Anfragen ist mit viel Arbeit verbunden, bitte denkt dar\u00fcber nach bevor ihr ein Anfrage schreibt und respektiert es vielleicht auch mal keine Antwort zu bekommen.<\/p>\n<p>Gerne k\u00f6nnt ihr hier auch Vermittlungsanfragen f\u00fcr Druck- bzw. Laserteile des Tantillus R stellen.<\/p>\n<div data-test='contact-form'\n\t\t\tid='contact-form-1448'\n\t\t\tclass='wp-block-jetpack-contact-form-container '\n\t\t\tdata-wp-interactive='jetpack\/form' data-wp-context='{\"formId\":\"1448\",\"formHash\":\"550de21409a91e7bb1324818831ee1d45e789e5f\",\"showErrors\":false,\"errors\":[],\"fields\":[],\"isMultiStep\":false,\"useAjax\":false,\"submissionData\":null,\"formattedSubmissionData\":[],\"submissionSuccess\":false,\"submissionError\":null,\"elementId\":\"jp-form-550de21409a91e7bb1324818831ee1d45e789e5f\"}'\n\t\t\tdata-wp-watch--scroll-to-wrapper=\"callbacks.scrollToWrapper\"\n\t\t>\n<div class=\"contact-form-submission contact-form-ajax-submission\" data-wp-class--submission-success=\"context.submissionSuccess\"><p class=\"go-back-message\"><a class=\"link\" role=\"button\" tabindex=\"0\" data-wp-on--click=\"actions.goBack\" href=\"\/index.php?rest_route=%2Fwp%2Fv2%2Fpages%2F1448\">Zur\u00fcck<\/a><\/p><h4 id=\"contact-form-success-header\">Deine Nachricht wurde gesendet<\/h4>\n\n<template data-wp-each--submission=\"context.formattedSubmissionData\">\n\t\t\t\t<div>\n\t\t\t\t\t<div class=\"field-name\" data-wp-text=\"context.submission.label\" data-wp-bind--hidden=\"!context.submission.label\"><\/div>\n\t\t\t\t\t<div class=\"field-value\" data-wp-text=\"context.submission.value\"><\/div>\n\t\t\t\t\t<div class=\"field-images\" data-wp-bind--hidden=\"!context.submission.images\">\n\t\t\t\t\t\t<template data-wp-each--image=\"context.submission.images\">\n\t\t\t\t\t\t\t<img class=\"field-image\" data-wp-bind--src=\"context.image\" data-wp-bind--hidden=\"!context.image\"\/>\n\t\t\t\t\t\t<\/template>\n\t\t\t\t\t<\/div>\n\t\t\t\t<\/div>\n\t\t\t<\/template><\/div><form action='https:\/\/scheuten.me\/?page_id=1448'\n\t\t\t\tid='jp-form-550de21409a91e7bb1324818831ee1d45e789e5f'\n\t\t\t\tmethod='post'\n\t\t\t\tclass='contact-form commentsblock' aria-label=\"TR - Schlusswort \/ Kontakt\"\n\t\t\t\tdata-wp-on--submit=\"actions.onFormSubmit\"\n\t\t\t\tdata-wp-on--reset=\"actions.onFormReset\"\n\t\t\t\tdata-wp-class--submission-success=\"context.submissionSuccess\"\n\t\t\t\tdata-wp-class--is-first-step=\"state.isFirstStep\"\n\t\t\t\tdata-wp-class--is-last-step=\"state.isLastStep\"\n\t\t\t\tdata-wp-class--is-ajax-form=\"context.useAjax\"\n\t\t\t\tnovalidate >\n<input type='hidden' name='jetpack_contact_form_jwt' value='eyJ0eXAiOiJKV1QiLCJhbGciOiJIUzI1NiJ9.eyJhdHRyaWJ1dGVzIjp7InRvIjoibGFyc0BzY2hldXRlbi5tZSIsInN1YmplY3QiOiJbU3BpZWxwbGF0el0gVFIgLSBTY2hsdXNzd29ydCBcLyBLb250YWt0Iiwic2hvd19zdWJqZWN0Ijoibm8iLCJ3aWRnZXQiOiIiLCJibG9ja190ZW1wbGF0ZSI6IiIsImJsb2NrX3RlbXBsYXRlX3BhcnQiOiIiLCJpZCI6IjE0NDgiLCJzdWJtaXRfYnV0dG9uX3RleHQiOiJTZW5kZW4iLCJjdXN0b21UaGFua3lvdSI6IiIsImN1c3RvbVRoYW5reW91SGVhZGluZyI6IkRlaW5lIE5hY2hyaWNodCB3dXJkZSBnZXNlbmRldCIsImN1c3RvbVRoYW5reW91TWVzc2FnZSI6IlZpZWxlbiBEYW5rIGZcdTAwZmNyIGRlaW5lbiBCZWl0cmFnISIsImN1c3RvbVRoYW5reW91UmVkaXJlY3QiOiIiLCJqZXRwYWNrQ1JNIjoiMSIsIm1haWxwb2V0IjoiIiwiY2xhc3NOYW1lIjoiIiwicG9zdFRvVXJsIjoiIiwic2FsZXNmb3JjZURhdGEiOiIiLCJoaWRkZW5GaWVsZHMiOiIiLCJzdGVwVHJhbnNpdGlvbiI6ImZhZGUtc2xpZGUiLCJzYXZlUmVzcG9uc2VzIjoieWVzIiwiZW1haWxOb3RpZmljYXRpb25zIjoieWVzIiwiZGlzYWJsZUdvQmFjayI6IiJ9LCJjb250ZW50IjoiW2NvbnRhY3QtZmllbGQgbGFiZWw9XCJOYW1lXCIgdHlwZT1cIm5hbWVcIiAgcmVxdWlyZWQ9XCJ0cnVlXCIgXC9dW2NvbnRhY3QtZmllbGQgbGFiZWw9XCJFLU1haWwgXCIgdHlwZT1cImVtYWlsXCIgcmVxdWlyZWQ9XCJ0cnVlXCIgXC9dW2NvbnRhY3QtZmllbGQgbGFiZWw9XCJXZWJzaXRlXCIgdHlwZT1cInVybFwiIFwvXVtjb250YWN0LWZpZWxkIGxhYmVsPVwiTmFjaHJpY2h0XCIgdHlwZT1cInRleHRhcmVhXCIgXC9dIiwiaGFzaCI6IjU1MGRlMjE0MDlhOTFlN2JiMTMyNDgxODgzMWVlMWQ0NWU3ODllNWYifQ.46mXT8Px7J2YRJvNFFsUrk2eq2qB5O5r6dhT8xQgBbI' \/>\n\n<div style=\"\"  data-wp-interactive=\"jetpack\/form\" data-wp-context='{\"fieldId\":\"g1448-name\",\"fieldType\":\"name\",\"fieldLabel\":\"Name\",\"fieldValue\":\"\",\"fieldPlaceholder\":\"\",\"fieldIsRequired\":\"1\",\"fieldErrorMessage\":\"\",\"fieldExtra\":[],\"formHash\":\"550de21409a91e7bb1324818831ee1d45e789e5f\"}'  class='grunion-field-name-wrap grunion-field-wrap'  data-wp-init='callbacks.initializeField' data-wp-on--jetpack-form-reset='callbacks.initializeField' >\n<label\n\t\t\t\tfor='g1448-name' class=\"grunion-field-label name\" >Name<span class=\"grunion-label-required\" aria-hidden=\"true\">(erforderlich)<\/span><\/label>\n<input\n\t\t\t\t\ttype='text'\n\t\t\t\t\tname='g1448-name'\n\t\t\t\t\tid='g1448-name'\n\t\t\t\t\tvalue=''\n\n\t\t\t\t\tdata-wp-bind--aria-invalid='state.fieldHasErrors'\n\t\t\t\t\tdata-wp-bind--value='state.getFieldValue'\n\t\t\t\t\taria-errormessage='g1448-name-text-error-message'\n\t\t\t\t\tdata-wp-on--input='actions.onFieldChange'\n\t\t\t\t\tdata-wp-on--blur='actions.onFieldBlur'\n\t\t\t\t\tdata-wp-class--has-value='state.hasFieldValue'\n\n\t\t\t\t\tclass='name  grunion-field' \n\t\t\t\t\trequired='true' aria-required='true'  \/>\n \n\t\t\t<div id=\"g1448-name-text-error\" class=\"contact-form__input-error\" data-wp-class--has-errors=\"state.fieldHasErrors\">\n\t\t\t\t<span class=\"contact-form__warning-icon\">\n\t\t\t\t\t<svg width=\"16\" height=\"16\" viewBox=\"0 0 16 16\" fill=\"none\" xmlns=\"http:\/\/www.w3.org\/2000\/svg\">\n\t\t\t\t\t\t<path d=\"M8.50015 11.6402H7.50015V10.6402H8.50015V11.6402Z\" \/>\n\t\t\t\t\t\t<path d=\"M7.50015 9.64018H8.50015V6.30684H7.50015V9.64018Z\" \/>\n\t\t\t\t\t\t<path fill-rule=\"evenodd\" clip-rule=\"evenodd\" d=\"M6.98331 3.0947C7.42933 2.30177 8.57096 2.30177 9.01698 3.09469L13.8771 11.7349C14.3145 12.5126 13.7525 13.4735 12.8602 13.4735H3.14004C2.24774 13.4735 1.68575 12.5126 2.12321 11.7349L6.98331 3.0947ZM8.14541 3.58496C8.08169 3.47168 7.9186 3.47168 7.85488 3.58496L2.99478 12.2251C2.93229 12.3362 3.01257 12.4735 3.14004 12.4735H12.8602C12.9877 12.4735 13.068 12.3362 13.0055 12.2251L8.14541 3.58496Z\" \/>\n\t\t\t\t\t<\/svg>\n\t\t\t\t\t<span class=\"visually-hidden\">Warnung<\/span>\n\t\t\t\t<\/span>\n\t\t\t\t<span data-wp-text=\"state.errorMessage\" id=\"g1448-name-text-error-message\"><\/span>\n\t\t\t<\/div> \n\t<\/div>\n\n<div style=\"\"  data-wp-interactive=\"jetpack\/form\" data-wp-context='{\"fieldId\":\"g1448-email\",\"fieldType\":\"email\",\"fieldLabel\":\"E-Mail \",\"fieldValue\":\"\",\"fieldPlaceholder\":\"\",\"fieldIsRequired\":\"1\",\"fieldErrorMessage\":\"\",\"fieldExtra\":[],\"formHash\":\"550de21409a91e7bb1324818831ee1d45e789e5f\"}'  class='grunion-field-email-wrap grunion-field-wrap'  data-wp-init='callbacks.initializeField' data-wp-on--jetpack-form-reset='callbacks.initializeField' >\n<label\n\t\t\t\tfor='g1448-email' class=\"grunion-field-label email\" >E-Mail <span class=\"grunion-label-required\" aria-hidden=\"true\">(erforderlich)<\/span><\/label>\n<input\n\t\t\t\t\ttype='email'\n\t\t\t\t\tname='g1448-email'\n\t\t\t\t\tid='g1448-email'\n\t\t\t\t\tvalue=''\n\n\t\t\t\t\tdata-wp-bind--aria-invalid='state.fieldHasErrors'\n\t\t\t\t\tdata-wp-bind--value='state.getFieldValue'\n\t\t\t\t\taria-errormessage='g1448-email-email-error-message'\n\t\t\t\t\tdata-wp-on--input='actions.onFieldChange'\n\t\t\t\t\tdata-wp-on--blur='actions.onFieldBlur'\n\t\t\t\t\tdata-wp-class--has-value='state.hasFieldValue'\n\n\t\t\t\t\tclass='email  grunion-field' \n\t\t\t\t\trequired='true' aria-required='true'  \/>\n \n\t\t\t<div id=\"g1448-email-email-error\" class=\"contact-form__input-error\" data-wp-class--has-errors=\"state.fieldHasErrors\">\n\t\t\t\t<span class=\"contact-form__warning-icon\">\n\t\t\t\t\t<svg width=\"16\" height=\"16\" viewBox=\"0 0 16 16\" fill=\"none\" xmlns=\"http:\/\/www.w3.org\/2000\/svg\">\n\t\t\t\t\t\t<path d=\"M8.50015 11.6402H7.50015V10.6402H8.50015V11.6402Z\" \/>\n\t\t\t\t\t\t<path d=\"M7.50015 9.64018H8.50015V6.30684H7.50015V9.64018Z\" \/>\n\t\t\t\t\t\t<path fill-rule=\"evenodd\" clip-rule=\"evenodd\" d=\"M6.98331 3.0947C7.42933 2.30177 8.57096 2.30177 9.01698 3.09469L13.8771 11.7349C14.3145 12.5126 13.7525 13.4735 12.8602 13.4735H3.14004C2.24774 13.4735 1.68575 12.5126 2.12321 11.7349L6.98331 3.0947ZM8.14541 3.58496C8.08169 3.47168 7.9186 3.47168 7.85488 3.58496L2.99478 12.2251C2.93229 12.3362 3.01257 12.4735 3.14004 12.4735H12.8602C12.9877 12.4735 13.068 12.3362 13.0055 12.2251L8.14541 3.58496Z\" \/>\n\t\t\t\t\t<\/svg>\n\t\t\t\t\t<span class=\"visually-hidden\">Warnung<\/span>\n\t\t\t\t<\/span>\n\t\t\t\t<span data-wp-text=\"state.errorMessage\" id=\"g1448-email-email-error-message\"><\/span>\n\t\t\t<\/div> \n\t<\/div>\n\n<div style=\"\"  data-wp-interactive=\"jetpack\/form\" data-wp-context='{\"fieldId\":\"g1448-website\",\"fieldType\":\"url\",\"fieldLabel\":\"Website\",\"fieldValue\":\"\",\"fieldPlaceholder\":\"\",\"fieldIsRequired\":\"\",\"fieldErrorMessage\":\"\",\"fieldExtra\":[],\"formHash\":\"550de21409a91e7bb1324818831ee1d45e789e5f\"}'  class='grunion-field-url-wrap grunion-field-wrap'  data-wp-init='callbacks.initializeField' data-wp-on--jetpack-form-reset='callbacks.initializeField' >\n<label\n\t\t\t\tfor='g1448-website' class=\"grunion-field-label url\" >Website<\/label>\n<input\n\t\t\t\t\ttype='text'\n\t\t\t\t\tname='g1448-website'\n\t\t\t\t\tid='g1448-website'\n\t\t\t\t\tvalue=''\n\n\t\t\t\t\tdata-wp-bind--aria-invalid='state.fieldHasErrors'\n\t\t\t\t\tdata-wp-bind--value='state.getFieldValue'\n\t\t\t\t\taria-errormessage='g1448-website-text-error-message'\n\t\t\t\t\tdata-wp-on--input='actions.onFieldChange'\n\t\t\t\t\tdata-wp-on--blur='actions.onFieldBlur'\n\t\t\t\t\tdata-wp-class--has-value='state.hasFieldValue'\n\n\t\t\t\t\tclass='url  grunion-field' \n\t\t\t\t\t \/>\n \n\t\t\t<div id=\"g1448-website-text-error\" class=\"contact-form__input-error\" data-wp-class--has-errors=\"state.fieldHasErrors\">\n\t\t\t\t<span class=\"contact-form__warning-icon\">\n\t\t\t\t\t<svg width=\"16\" height=\"16\" viewBox=\"0 0 16 16\" fill=\"none\" xmlns=\"http:\/\/www.w3.org\/2000\/svg\">\n\t\t\t\t\t\t<path d=\"M8.50015 11.6402H7.50015V10.6402H8.50015V11.6402Z\" \/>\n\t\t\t\t\t\t<path d=\"M7.50015 9.64018H8.50015V6.30684H7.50015V9.64018Z\" \/>\n\t\t\t\t\t\t<path fill-rule=\"evenodd\" clip-rule=\"evenodd\" d=\"M6.98331 3.0947C7.42933 2.30177 8.57096 2.30177 9.01698 3.09469L13.8771 11.7349C14.3145 12.5126 13.7525 13.4735 12.8602 13.4735H3.14004C2.24774 13.4735 1.68575 12.5126 2.12321 11.7349L6.98331 3.0947ZM8.14541 3.58496C8.08169 3.47168 7.9186 3.47168 7.85488 3.58496L2.99478 12.2251C2.93229 12.3362 3.01257 12.4735 3.14004 12.4735H12.8602C12.9877 12.4735 13.068 12.3362 13.0055 12.2251L8.14541 3.58496Z\" \/>\n\t\t\t\t\t<\/svg>\n\t\t\t\t\t<span class=\"visually-hidden\">Warnung<\/span>\n\t\t\t\t<\/span>\n\t\t\t\t<span data-wp-text=\"state.errorMessage\" id=\"g1448-website-text-error-message\"><\/span>\n\t\t\t<\/div> \n\t<\/div>\n\n<div style=\"\"  data-wp-interactive=\"jetpack\/form\" data-wp-context='{\"fieldId\":\"g1448-nachricht\",\"fieldType\":\"textarea\",\"fieldLabel\":\"Nachricht\",\"fieldValue\":\"\",\"fieldPlaceholder\":\"\",\"fieldIsRequired\":\"\",\"fieldErrorMessage\":\"\",\"fieldExtra\":[],\"formHash\":\"550de21409a91e7bb1324818831ee1d45e789e5f\"}'  class='grunion-field-textarea-wrap grunion-field-wrap'  data-wp-init='callbacks.initializeField' data-wp-on--jetpack-form-reset='callbacks.initializeField' >\n<label\n\t\t\t\tfor='contact-form-comment-g1448-nachricht' class=\"grunion-field-label textarea\" >Nachricht<\/label>\n<textarea\n\t\t                style=''\n\t\t                name='g1448-nachricht'\n\t\t                id='contact-form-comment-g1448-nachricht'\n\t\t                rows='20'\n\t\t\t\t\t\tdata-wp-text='state.getFieldValue'\n\t\t\t\t\t\tdata-wp-on--input='actions.onFieldChange'\n\t\t\t\t\t\tdata-wp-on--blur='actions.onFieldBlur'\n\t\t\t\t\t\tdata-wp-class--has-value='state.hasFieldValue'\n\t\t\t\t\t\tdata-wp-bind--aria-invalid='state.fieldHasErrors'\n\t\t\t\t\t\tdata-wp-on--keydown='actions.onKeyDownTextarea'\n\t\t\t\t\t\taria-errormessage='g1448-nachricht-textarea-error-message'\n\t\t\t\t\t\tclass='textarea  grunion-field'  ><\/textarea>\n \n\t\t\t<div id=\"g1448-nachricht-textarea-error\" class=\"contact-form__input-error\" data-wp-class--has-errors=\"state.fieldHasErrors\">\n\t\t\t\t<span class=\"contact-form__warning-icon\">\n\t\t\t\t\t<svg width=\"16\" height=\"16\" viewBox=\"0 0 16 16\" fill=\"none\" xmlns=\"http:\/\/www.w3.org\/2000\/svg\">\n\t\t\t\t\t\t<path d=\"M8.50015 11.6402H7.50015V10.6402H8.50015V11.6402Z\" \/>\n\t\t\t\t\t\t<path d=\"M7.50015 9.64018H8.50015V6.30684H7.50015V9.64018Z\" \/>\n\t\t\t\t\t\t<path fill-rule=\"evenodd\" clip-rule=\"evenodd\" d=\"M6.98331 3.0947C7.42933 2.30177 8.57096 2.30177 9.01698 3.09469L13.8771 11.7349C14.3145 12.5126 13.7525 13.4735 12.8602 13.4735H3.14004C2.24774 13.4735 1.68575 12.5126 2.12321 11.7349L6.98331 3.0947ZM8.14541 3.58496C8.08169 3.47168 7.9186 3.47168 7.85488 3.58496L2.99478 12.2251C2.93229 12.3362 3.01257 12.4735 3.14004 12.4735H12.8602C12.9877 12.4735 13.068 12.3362 13.0055 12.2251L8.14541 3.58496Z\" \/>\n\t\t\t\t\t<\/svg>\n\t\t\t\t\t<span class=\"visually-hidden\">Warnung<\/span>\n\t\t\t\t<\/span>\n\t\t\t\t<span data-wp-text=\"state.errorMessage\" id=\"g1448-nachricht-textarea-error-message\"><\/span>\n\t\t\t<\/div>\n\t<\/div>\n\t<p class='contact-submit'>\n<div class=\"contact-form__error\" data-wp-class--show-errors=\"state.showFormErrors\"><span class=\"contact-form__warning-icon\"><span class=\"visually-hidden\">Warnung.<\/span><i aria-hidden=\"true\"><\/i><\/span>\n\t\t\t\t<span data-wp-text=\"state.getFormErrorMessage\"><\/span>\n\t\t\t\t<ul>\n\t\t\t\t<template data-wp-each=\"state.getErrorList\" data-wp-key=\"context.item.id\">\n\t\t\t\t\t<li><a data-wp-bind--href=\"context.item.anchor\" data-wp-on--click=\"actions.scrollIntoView\" data-wp-text=\"context.item.label\"><\/a><\/li>\n\t\t\t\t<\/template>\n\t\t\t\t<\/ul><\/div><div class=\"contact-form__error\" data-wp-class--show-errors=\"state.showSubmissionError\" data-wp-text=\"context.submissionError\"><\/div>\t\t<button type='submit' class='pushbutton-wide'>Senden<\/button>\t\t<input type='hidden' name='contact-form-id' value='1448' \/>\n\t\t<input type='hidden' name='action' value='grunion-contact-form' \/>\n\t\t<input type='hidden' name='contact-form-hash' value='550de21409a91e7bb1324818831ee1d45e789e5f' \/>\n\t<\/p>\n<\/form>\n<\/div>\n<hr \/>\n<ul>\n<li><a href=\"http:\/\/scheuten.me\/?page_id=1056\">Kapitel 0 &#8211; Vorwort<\/a><\/li>\n<li><a href=\"http:\/\/scheuten.me\/?page_id=1387\">Kapitel 1 &#8211; Geh\u00e4use<\/a><\/li>\n<li><a href=\"http:\/\/scheuten.me\/?page_id=1406\">Kapitel 2 &#8211; Z-Achse<\/a><\/li>\n<li><a href=\"http:\/\/scheuten.me\/?page_id=1414\">Kapitel 3 &#8211; XY-Achssystem<\/a><\/li>\n<li><a href=\"http:\/\/scheuten.me\/?page_id=1419\">Kapitel 4 &#8211; Heizbett<\/a><\/li>\n<li><a href=\"http:\/\/scheuten.me\/?page_id=1433\">Kapitel 5 &#8211; K\u00fchlung<\/a><\/li>\n<li><a href=\"http:\/\/scheuten.me\/?page_id=1462\">Kapitel 6 &#8211; Extruder<\/a><\/li>\n<li><a href=\"http:\/\/scheuten.me\/?page_id=1437\">Kapitel 7 &#8211; Hotend<\/a><\/li>\n<li><a href=\"http:\/\/scheuten.me\/?page_id=1476\">Kapitel 8 &#8211; Elektronik<\/a><\/li>\n<li><a href=\"http:\/\/scheuten.me\/?page_id=1468\">Kapitel 9 &#8211; Filamentabroller<\/a><\/li>\n<li><a href=\"http:\/\/scheuten.me\/?page_id=1616\">Kapitel 10 &#8211; Silikonteile<\/a><\/li>\n<li><a href=\"http:\/\/scheuten.me\/?page_id=1735\">Kapitel 11 &#8211; Option: Riementriebabdeckung<\/a><\/li>\n<li><a href=\"http:\/\/scheuten.me\/?page_id=1460\">Kapitel 12 &#8211; Option: Rasperry Pi Zero<\/a><\/li>\n<li><a href=\"http:\/\/scheuten.me\/?page_id=1482\">Kapitel 13 &#8211; Option: USV f\u00fcr den Pi<\/a><\/li>\n<li><a href=\"http:\/\/scheuten.me\/?page_id=1440\">Kapitel 14 &#8211; BOM \/ Downloads<\/a><\/li>\n<li><a href=\"http:\/\/scheuten.me\/?page_id=1443\">Kapitel 15 &#8211; FAQ<\/a><\/li>\n<li><a href=\"http:\/\/scheuten.me\/?page_id=1457\">Kapitel 16 &#8211; Musterdrucke<\/a><\/li>\n<li><a href=\"http:\/\/scheuten.me\/?page_id=1448\">Kapitel 17 &#8211; Schlusswort<\/a><\/li>\n<\/ul>\n<p>Kontrollvermerk:<br \/>\n&#8211; Fertig, bitte kontrollieren<\/p>\n","protected":false},"excerpt":{"rendered":"<p>Tantillus Reborn Kapitel 17 &#8211; Schlusswort \/ Kontakt click here for the international\/english version of this chapter Gl\u00fcckwunsch du hast geschafft dich durch mehr als 10000 Worte Dokumentation zu qu\u00e4len! Wir w\u00fcnschen viel Spa\u00df beim Nachbauen! Bitte bedenkt, sollte irgendwas nicht funktionieren, es ist wie mit E3D-Hotends. Im Zweifelsfall hat der &#8222;Kunde&#8220; es falsch zusammengebaut [&hellip;]<\/p>\n","protected":false},"author":1,"featured_media":0,"parent":1056,"menu_order":17,"comment_status":"open","ping_status":"closed","template":"","meta":{"jetpack_post_was_ever_published":false,"footnotes":""},"class_list":["post-1448","page","type-page","status-publish","hentry"],"jetpack_shortlink":"https:\/\/wp.me\/P6lfHf-nm","jetpack-related-posts":[],"jetpack_sharing_enabled":true,"_links":{"self":[{"href":"https:\/\/scheuten.me\/index.php?rest_route=\/wp\/v2\/pages\/1448","targetHints":{"allow":["GET"]}}],"collection":[{"href":"https:\/\/scheuten.me\/index.php?rest_route=\/wp\/v2\/pages"}],"about":[{"href":"https:\/\/scheuten.me\/index.php?rest_route=\/wp\/v2\/types\/page"}],"author":[{"embeddable":true,"href":"https:\/\/scheuten.me\/index.php?rest_route=\/wp\/v2\/users\/1"}],"replies":[{"embeddable":true,"href":"https:\/\/scheuten.me\/index.php?rest_route=%2Fwp%2Fv2%2Fcomments&post=1448"}],"version-history":[{"count":15,"href":"https:\/\/scheuten.me\/index.php?rest_route=\/wp\/v2\/pages\/1448\/revisions"}],"predecessor-version":[{"id":2102,"href":"https:\/\/scheuten.me\/index.php?rest_route=\/wp\/v2\/pages\/1448\/revisions\/2102"}],"up":[{"embeddable":true,"href":"https:\/\/scheuten.me\/index.php?rest_route=\/wp\/v2\/pages\/1056"}],"wp:attachment":[{"href":"https:\/\/scheuten.me\/index.php?rest_route=%2Fwp%2Fv2%2Fmedia&parent=1448"}],"curies":[{"name":"wp","href":"https:\/\/api.w.org\/{rel}","templated":true}]}}