{"id":1433,"date":"2018-03-06T22:36:38","date_gmt":"2018-03-06T21:36:38","guid":{"rendered":"http:\/\/scheuten.me\/?page_id=1433"},"modified":"2018-06-01T00:14:41","modified_gmt":"2018-05-31T22:14:41","slug":"tr-kuehlung","status":"publish","type":"page","link":"https:\/\/scheuten.me\/?page_id=1433","title":{"rendered":"TR &#8211; K\u00fchlung"},"content":{"rendered":"<h1>Tantillus Reborn<\/h1>\n<h2>Kapitel 5 &#8211; K\u00fchlung<\/h2>\n<p><a href=\"http:\/\/scheuten.me\/?page_id=2018\">click here for the international\/english version of this chapter<\/a><\/p>\n<p><img data-recalc-dims=\"1\" loading=\"lazy\" decoding=\"async\" data-attachment-id=\"1710\" data-permalink=\"https:\/\/scheuten.me\/?attachment_id=1710\" data-orig-file=\"https:\/\/i0.wp.com\/scheuten.me\/wp-content\/uploads\/2018\/03\/TR_cooling_001.jpg?fit=1920%2C1440&amp;ssl=1\" data-orig-size=\"1920,1440\" data-comments-opened=\"1\" data-image-meta=\"{&quot;aperture&quot;:&quot;0&quot;,&quot;credit&quot;:&quot;&quot;,&quot;camera&quot;:&quot;&quot;,&quot;caption&quot;:&quot;&quot;,&quot;created_timestamp&quot;:&quot;0&quot;,&quot;copyright&quot;:&quot;&quot;,&quot;focal_length&quot;:&quot;0&quot;,&quot;iso&quot;:&quot;0&quot;,&quot;shutter_speed&quot;:&quot;0&quot;,&quot;title&quot;:&quot;&quot;,&quot;orientation&quot;:&quot;0&quot;}\" data-image-title=\"TR_cooling_001\" data-image-description=\"\" data-image-caption=\"\" data-medium-file=\"https:\/\/i0.wp.com\/scheuten.me\/wp-content\/uploads\/2018\/03\/TR_cooling_001.jpg?fit=300%2C225&amp;ssl=1\" data-large-file=\"https:\/\/i0.wp.com\/scheuten.me\/wp-content\/uploads\/2018\/03\/TR_cooling_001.jpg?fit=625%2C469&amp;ssl=1\" class=\"alignnone size-full wp-image-1710\" src=\"https:\/\/i0.wp.com\/scheuten.me\/wp-content\/uploads\/2018\/03\/TR_cooling_001.jpg?resize=625%2C469\" alt=\"\" width=\"625\" height=\"469\" srcset=\"https:\/\/i0.wp.com\/scheuten.me\/wp-content\/uploads\/2018\/03\/TR_cooling_001.jpg?w=1920&amp;ssl=1 1920w, https:\/\/i0.wp.com\/scheuten.me\/wp-content\/uploads\/2018\/03\/TR_cooling_001.jpg?resize=300%2C225&amp;ssl=1 300w, https:\/\/i0.wp.com\/scheuten.me\/wp-content\/uploads\/2018\/03\/TR_cooling_001.jpg?resize=768%2C576&amp;ssl=1 768w, https:\/\/i0.wp.com\/scheuten.me\/wp-content\/uploads\/2018\/03\/TR_cooling_001.jpg?resize=1024%2C768&amp;ssl=1 1024w, https:\/\/i0.wp.com\/scheuten.me\/wp-content\/uploads\/2018\/03\/TR_cooling_001.jpg?resize=624%2C468&amp;ssl=1 624w, https:\/\/i0.wp.com\/scheuten.me\/wp-content\/uploads\/2018\/03\/TR_cooling_001.jpg?w=1250 1250w\" sizes=\"auto, (max-width: 625px) 100vw, 625px\" \/><\/p>\n<p>Die Druckteilk\u00fchlung am Tantillus war eine harte Nuss und ist somit ein Sonderfall geworden. Zielsetzung war m\u00f6glichst wenig Masse zu bewegen und alles so kompakt wie m\u00f6glich zu halten.<br \/>\nF\u00fcr eine klassische K\u00fchlung mit am XY Carriage befestigten L\u00fcftern ist einfach kein Platz, das Gewicht w\u00fcrde zudem wieder steigen.<\/p>\n<p>Nach unz\u00e4hligen verworfenen Ideen, Testteilen und etlichen Flow-Simulationen, entstand die am Geh\u00e4use befestigte Druckteilk\u00fchlung mittels zweier Radiall\u00fcftern.<br \/>\nMit der Entscheidung die L\u00fcfter nicht zu bewegen, entstand gen\u00fcgend Platz f\u00fcr zwei leistungsstarke Radiall\u00fcfter mit ausreichender K\u00fchlleistung.<\/p>\n<p><img data-recalc-dims=\"1\" loading=\"lazy\" decoding=\"async\" data-attachment-id=\"1711\" data-permalink=\"https:\/\/scheuten.me\/?attachment_id=1711\" data-orig-file=\"https:\/\/i0.wp.com\/scheuten.me\/wp-content\/uploads\/2018\/03\/TR_cooling_002.jpg?fit=1920%2C1440&amp;ssl=1\" data-orig-size=\"1920,1440\" data-comments-opened=\"1\" data-image-meta=\"{&quot;aperture&quot;:&quot;0&quot;,&quot;credit&quot;:&quot;&quot;,&quot;camera&quot;:&quot;&quot;,&quot;caption&quot;:&quot;&quot;,&quot;created_timestamp&quot;:&quot;0&quot;,&quot;copyright&quot;:&quot;&quot;,&quot;focal_length&quot;:&quot;0&quot;,&quot;iso&quot;:&quot;0&quot;,&quot;shutter_speed&quot;:&quot;0&quot;,&quot;title&quot;:&quot;&quot;,&quot;orientation&quot;:&quot;0&quot;}\" data-image-title=\"TR_cooling_002\" data-image-description=\"\" data-image-caption=\"\" data-medium-file=\"https:\/\/i0.wp.com\/scheuten.me\/wp-content\/uploads\/2018\/03\/TR_cooling_002.jpg?fit=300%2C225&amp;ssl=1\" data-large-file=\"https:\/\/i0.wp.com\/scheuten.me\/wp-content\/uploads\/2018\/03\/TR_cooling_002.jpg?fit=625%2C469&amp;ssl=1\" class=\"alignnone size-full wp-image-1711\" src=\"https:\/\/i0.wp.com\/scheuten.me\/wp-content\/uploads\/2018\/03\/TR_cooling_002.jpg?resize=625%2C469\" alt=\"\" width=\"625\" height=\"469\" srcset=\"https:\/\/i0.wp.com\/scheuten.me\/wp-content\/uploads\/2018\/03\/TR_cooling_002.jpg?w=1920&amp;ssl=1 1920w, https:\/\/i0.wp.com\/scheuten.me\/wp-content\/uploads\/2018\/03\/TR_cooling_002.jpg?resize=300%2C225&amp;ssl=1 300w, https:\/\/i0.wp.com\/scheuten.me\/wp-content\/uploads\/2018\/03\/TR_cooling_002.jpg?resize=768%2C576&amp;ssl=1 768w, https:\/\/i0.wp.com\/scheuten.me\/wp-content\/uploads\/2018\/03\/TR_cooling_002.jpg?resize=1024%2C768&amp;ssl=1 1024w, https:\/\/i0.wp.com\/scheuten.me\/wp-content\/uploads\/2018\/03\/TR_cooling_002.jpg?resize=624%2C468&amp;ssl=1 624w, https:\/\/i0.wp.com\/scheuten.me\/wp-content\/uploads\/2018\/03\/TR_cooling_002.jpg?w=1250 1250w\" sizes=\"auto, (max-width: 625px) 100vw, 625px\" \/><\/p>\n<p>Die D\u00fcsen weiten den Luftstrahl mit m\u00f6glichst geringen Verlusten auf nahezu 100mm Breite auf.<\/p>\n<p>Das Druckteil kann also von beiden Seiten mit gro\u00dfen Mengen K\u00fchlluft umsp\u00fclt werden. Im praktischen Einsatz erfordert dies auch eine entsprechende Ausrichtung des Druckteils da die K\u00fchlluftzufuhr nicht mit der D\u00fcse verfahren wird.<\/p>\n<p>Das Konzept der station\u00e4ren K\u00fchlung erfordert unter Umst\u00e4nden eine Eingew\u00f6hnungsphase, funktioniert aber gut.<\/p>\n<p><img data-recalc-dims=\"1\" loading=\"lazy\" decoding=\"async\" data-attachment-id=\"1712\" data-permalink=\"https:\/\/scheuten.me\/?attachment_id=1712\" data-orig-file=\"https:\/\/i0.wp.com\/scheuten.me\/wp-content\/uploads\/2018\/03\/TR_cooling_003.jpg?fit=1280%2C960&amp;ssl=1\" data-orig-size=\"1280,960\" data-comments-opened=\"1\" data-image-meta=\"{&quot;aperture&quot;:&quot;0&quot;,&quot;credit&quot;:&quot;&quot;,&quot;camera&quot;:&quot;&quot;,&quot;caption&quot;:&quot;&quot;,&quot;created_timestamp&quot;:&quot;1522280292&quot;,&quot;copyright&quot;:&quot;&quot;,&quot;focal_length&quot;:&quot;0&quot;,&quot;iso&quot;:&quot;0&quot;,&quot;shutter_speed&quot;:&quot;0&quot;,&quot;title&quot;:&quot;&quot;,&quot;orientation&quot;:&quot;1&quot;}\" data-image-title=\"TR_cooling_003\" data-image-description=\"\" data-image-caption=\"\" data-medium-file=\"https:\/\/i0.wp.com\/scheuten.me\/wp-content\/uploads\/2018\/03\/TR_cooling_003.jpg?fit=300%2C225&amp;ssl=1\" data-large-file=\"https:\/\/i0.wp.com\/scheuten.me\/wp-content\/uploads\/2018\/03\/TR_cooling_003.jpg?fit=625%2C469&amp;ssl=1\" class=\"alignnone size-full wp-image-1712\" src=\"https:\/\/i0.wp.com\/scheuten.me\/wp-content\/uploads\/2018\/03\/TR_cooling_003.jpg?resize=625%2C469\" alt=\"\" width=\"625\" height=\"469\" srcset=\"https:\/\/i0.wp.com\/scheuten.me\/wp-content\/uploads\/2018\/03\/TR_cooling_003.jpg?w=1280&amp;ssl=1 1280w, https:\/\/i0.wp.com\/scheuten.me\/wp-content\/uploads\/2018\/03\/TR_cooling_003.jpg?resize=300%2C225&amp;ssl=1 300w, https:\/\/i0.wp.com\/scheuten.me\/wp-content\/uploads\/2018\/03\/TR_cooling_003.jpg?resize=768%2C576&amp;ssl=1 768w, https:\/\/i0.wp.com\/scheuten.me\/wp-content\/uploads\/2018\/03\/TR_cooling_003.jpg?resize=1024%2C768&amp;ssl=1 1024w, https:\/\/i0.wp.com\/scheuten.me\/wp-content\/uploads\/2018\/03\/TR_cooling_003.jpg?resize=624%2C468&amp;ssl=1 624w\" sizes=\"auto, (max-width: 625px) 100vw, 625px\" \/><\/p>\n<p><img data-recalc-dims=\"1\" loading=\"lazy\" decoding=\"async\" data-attachment-id=\"1723\" data-permalink=\"https:\/\/scheuten.me\/?attachment_id=1723\" data-orig-file=\"https:\/\/i0.wp.com\/scheuten.me\/wp-content\/uploads\/2018\/03\/TR_cooling_004.jpg?fit=1440%2C1920&amp;ssl=1\" data-orig-size=\"1440,1920\" data-comments-opened=\"1\" data-image-meta=\"{&quot;aperture&quot;:&quot;0&quot;,&quot;credit&quot;:&quot;&quot;,&quot;camera&quot;:&quot;&quot;,&quot;caption&quot;:&quot;&quot;,&quot;created_timestamp&quot;:&quot;0&quot;,&quot;copyright&quot;:&quot;&quot;,&quot;focal_length&quot;:&quot;0&quot;,&quot;iso&quot;:&quot;0&quot;,&quot;shutter_speed&quot;:&quot;0&quot;,&quot;title&quot;:&quot;&quot;,&quot;orientation&quot;:&quot;0&quot;}\" data-image-title=\"TR_cooling_004\" data-image-description=\"\" data-image-caption=\"\" data-medium-file=\"https:\/\/i0.wp.com\/scheuten.me\/wp-content\/uploads\/2018\/03\/TR_cooling_004.jpg?fit=225%2C300&amp;ssl=1\" data-large-file=\"https:\/\/i0.wp.com\/scheuten.me\/wp-content\/uploads\/2018\/03\/TR_cooling_004.jpg?fit=625%2C833&amp;ssl=1\" class=\"alignnone size-full wp-image-1723\" src=\"https:\/\/i0.wp.com\/scheuten.me\/wp-content\/uploads\/2018\/03\/TR_cooling_004.jpg?resize=625%2C833\" alt=\"\" width=\"625\" height=\"833\" srcset=\"https:\/\/i0.wp.com\/scheuten.me\/wp-content\/uploads\/2018\/03\/TR_cooling_004.jpg?w=1440&amp;ssl=1 1440w, https:\/\/i0.wp.com\/scheuten.me\/wp-content\/uploads\/2018\/03\/TR_cooling_004.jpg?resize=225%2C300&amp;ssl=1 225w, https:\/\/i0.wp.com\/scheuten.me\/wp-content\/uploads\/2018\/03\/TR_cooling_004.jpg?resize=768%2C1024&amp;ssl=1 768w, https:\/\/i0.wp.com\/scheuten.me\/wp-content\/uploads\/2018\/03\/TR_cooling_004.jpg?resize=624%2C832&amp;ssl=1 624w, https:\/\/i0.wp.com\/scheuten.me\/wp-content\/uploads\/2018\/03\/TR_cooling_004.jpg?w=1250 1250w\" sizes=\"auto, (max-width: 625px) 100vw, 625px\" \/><\/p>\n<hr \/>\n<ul>\n<li><a href=\"http:\/\/scheuten.me\/?page_id=1056\">Kapitel 0 &#8211; Vorwort<\/a><\/li>\n<li><a href=\"http:\/\/scheuten.me\/?page_id=1387\">Kapitel 1 &#8211; Geh\u00e4use<\/a><\/li>\n<li><a href=\"http:\/\/scheuten.me\/?page_id=1406\">Kapitel 2 &#8211; Z-Achse<\/a><\/li>\n<li><a href=\"http:\/\/scheuten.me\/?page_id=1414\">Kapitel 3 &#8211; XY-Achssystem<\/a><\/li>\n<li><a href=\"http:\/\/scheuten.me\/?page_id=1419\">Kapitel 4 &#8211; Heizbett<\/a><\/li>\n<li><a href=\"http:\/\/scheuten.me\/?page_id=1433\">Kapitel 5 &#8211; K\u00fchlung<\/a><\/li>\n<li><a href=\"http:\/\/scheuten.me\/?page_id=1462\">Kapitel 6 &#8211; Extruder<\/a><\/li>\n<li><a href=\"http:\/\/scheuten.me\/?page_id=1437\">Kapitel 7 &#8211; Hotend<\/a><\/li>\n<li><a href=\"http:\/\/scheuten.me\/?page_id=1476\">Kapitel 8 &#8211; Elektronik<\/a><\/li>\n<li><a href=\"http:\/\/scheuten.me\/?page_id=1468\">Kapitel 9 &#8211; Filamentabroller<\/a><\/li>\n<li><a href=\"http:\/\/scheuten.me\/?page_id=1616\">Kapitel 10 &#8211; Silikonteile<\/a><\/li>\n<li><a href=\"http:\/\/scheuten.me\/?page_id=1735\">Kapitel 11 &#8211; Option: Riementriebabdeckung<\/a><\/li>\n<li><a href=\"http:\/\/scheuten.me\/?page_id=1460\">Kapitel 12 &#8211; Option: Rasperry Pi Zero<\/a><\/li>\n<li><a href=\"http:\/\/scheuten.me\/?page_id=1482\">Kapitel 13 &#8211; Option: USV f\u00fcr den Pi<\/a><\/li>\n<li><a href=\"http:\/\/scheuten.me\/?page_id=1440\">Kapitel 14 &#8211; BOM \/ Downloads<\/a><\/li>\n<li><a href=\"http:\/\/scheuten.me\/?page_id=1443\">Kapitel 15 &#8211; FAQ<\/a><\/li>\n<li><a href=\"http:\/\/scheuten.me\/?page_id=1457\">Kapitel 16 &#8211; Musterdrucke<\/a><\/li>\n<li><a href=\"http:\/\/scheuten.me\/?page_id=1448\">Kapitel 17 &#8211; Schlusswort<\/a><\/li>\n<\/ul>\n","protected":false},"excerpt":{"rendered":"<p>Tantillus Reborn Kapitel 5 &#8211; K\u00fchlung click here for the international\/english version of this chapter Die Druckteilk\u00fchlung am Tantillus war eine harte Nuss und ist somit ein Sonderfall geworden. Zielsetzung war m\u00f6glichst wenig Masse zu bewegen und alles so kompakt wie m\u00f6glich zu halten. F\u00fcr eine klassische K\u00fchlung mit am XY Carriage befestigten L\u00fcftern ist [&hellip;]<\/p>\n","protected":false},"author":1,"featured_media":0,"parent":1056,"menu_order":5,"comment_status":"open","ping_status":"open","template":"","meta":{"jetpack_post_was_ever_published":false,"footnotes":""},"class_list":["post-1433","page","type-page","status-publish","hentry"],"jetpack_shortlink":"https:\/\/wp.me\/P6lfHf-n7","jetpack-related-posts":[],"jetpack_sharing_enabled":true,"_links":{"self":[{"href":"https:\/\/scheuten.me\/index.php?rest_route=\/wp\/v2\/pages\/1433","targetHints":{"allow":["GET"]}}],"collection":[{"href":"https:\/\/scheuten.me\/index.php?rest_route=\/wp\/v2\/pages"}],"about":[{"href":"https:\/\/scheuten.me\/index.php?rest_route=\/wp\/v2\/types\/page"}],"author":[{"embeddable":true,"href":"https:\/\/scheuten.me\/index.php?rest_route=\/wp\/v2\/users\/1"}],"replies":[{"embeddable":true,"href":"https:\/\/scheuten.me\/index.php?rest_route=%2Fwp%2Fv2%2Fcomments&post=1433"}],"version-history":[{"count":12,"href":"https:\/\/scheuten.me\/index.php?rest_route=\/wp\/v2\/pages\/1433\/revisions"}],"predecessor-version":[{"id":2093,"href":"https:\/\/scheuten.me\/index.php?rest_route=\/wp\/v2\/pages\/1433\/revisions\/2093"}],"up":[{"embeddable":true,"href":"https:\/\/scheuten.me\/index.php?rest_route=\/wp\/v2\/pages\/1056"}],"wp:attachment":[{"href":"https:\/\/scheuten.me\/index.php?rest_route=%2Fwp%2Fv2%2Fmedia&parent=1433"}],"curies":[{"name":"wp","href":"https:\/\/api.w.org\/{rel}","templated":true}]}}