{"id":1056,"date":"2017-12-31T16:28:12","date_gmt":"2017-12-31T15:28:12","guid":{"rendered":"http:\/\/scheuten.me\/?page_id=1056"},"modified":"2018-05-31T08:53:39","modified_gmt":"2018-05-31T06:53:39","slug":"tantillus-r","status":"publish","type":"page","link":"https:\/\/scheuten.me\/?page_id=1056","title":{"rendered":"Tantillus R"},"content":{"rendered":"<h1>Tantillus Reborn<\/h1>\n<h2>Kapitel 0 &#8211; Vorwort<\/h2>\n<p><a href=\"http:\/\/scheuten.me\/?page_id=1988\">click here for international\/english version of this chapter<\/a><\/p>\n<p><img data-recalc-dims=\"1\" loading=\"lazy\" decoding=\"async\" data-attachment-id=\"1646\" data-permalink=\"https:\/\/scheuten.me\/?attachment_id=1646\" data-orig-file=\"https:\/\/i0.wp.com\/scheuten.me\/wp-content\/uploads\/2018\/03\/IMG_3353_resized.jpg?fit=960%2C1280&amp;ssl=1\" data-orig-size=\"960,1280\" data-comments-opened=\"1\" data-image-meta=\"{&quot;aperture&quot;:&quot;0&quot;,&quot;credit&quot;:&quot;&quot;,&quot;camera&quot;:&quot;&quot;,&quot;caption&quot;:&quot;&quot;,&quot;created_timestamp&quot;:&quot;1521793317&quot;,&quot;copyright&quot;:&quot;&quot;,&quot;focal_length&quot;:&quot;0&quot;,&quot;iso&quot;:&quot;0&quot;,&quot;shutter_speed&quot;:&quot;0&quot;,&quot;title&quot;:&quot;&quot;,&quot;orientation&quot;:&quot;1&quot;}\" data-image-title=\"IMG_3353_resized\" data-image-description=\"\" data-image-caption=\"\" data-medium-file=\"https:\/\/i0.wp.com\/scheuten.me\/wp-content\/uploads\/2018\/03\/IMG_3353_resized.jpg?fit=225%2C300&amp;ssl=1\" data-large-file=\"https:\/\/i0.wp.com\/scheuten.me\/wp-content\/uploads\/2018\/03\/IMG_3353_resized.jpg?fit=625%2C833&amp;ssl=1\" class=\"alignnone size-full wp-image-1646\" src=\"https:\/\/i0.wp.com\/scheuten.me\/wp-content\/uploads\/2018\/03\/IMG_3353_resized.jpg?resize=625%2C833\" alt=\"\" width=\"625\" height=\"833\" srcset=\"https:\/\/i0.wp.com\/scheuten.me\/wp-content\/uploads\/2018\/03\/IMG_3353_resized.jpg?w=960&amp;ssl=1 960w, https:\/\/i0.wp.com\/scheuten.me\/wp-content\/uploads\/2018\/03\/IMG_3353_resized.jpg?resize=225%2C300&amp;ssl=1 225w, https:\/\/i0.wp.com\/scheuten.me\/wp-content\/uploads\/2018\/03\/IMG_3353_resized.jpg?resize=768%2C1024&amp;ssl=1 768w, https:\/\/i0.wp.com\/scheuten.me\/wp-content\/uploads\/2018\/03\/IMG_3353_resized.jpg?resize=624%2C832&amp;ssl=1 624w\" sizes=\"auto, (max-width: 625px) 100vw, 625px\" \/><br \/>\n<a href=\"http:\/\/scheuten.me\/wp-content\/uploads\/2018\/03\/Tantillus_R_6kx8k.jpg\" target=\"_blank\"  rel=\"lightbox[1056] nobox noopener\">Klick mich f\u00fcr eine hohe Aufl\u00f6sung<\/a><\/p>\n<p><strong>Tantillus R<\/strong>(eborn)<\/p>\n<p>(tantillus = lateinisch f\u00fcr &#8222;so klein&#8220;)<\/p>\n<h3>Vorgeschichte:<\/h3>\n<p>November 2017 entstand zusammen mit Forumskollegen Protoprinter die Idee, nebenher einen weiteren Drucker zu bauen.<\/p>\n<p>Wir sind beide Besitzer gro\u00dfer, quasi nicht transportabler, doch sehr teurer, mit Technik vollgestopfter Drucker.<\/p>\n<p>Gerade Einsteiger tr\u00e4umen oft von der Idee, einen m\u00f6glichst gro\u00dfen Drucker zu bauen\/zu besitzen. Wenn man es endlich mal geschafft hat sich ein solches Ger\u00e4t zu bauen und damit vern\u00fcnftige Drucke zu erzeugen, ist man erstmal stolz.<br \/>\nJe l\u00e4nger man dann aber eine solche Immobilie besitzt, umso mehr muss man sich eingestehen, dass:<br \/>\n&#8211; 90% aller Teile auf einem 10x10cm gro\u00dfen Druckbett Platz finden<br \/>\n&#8211; gro\u00dfe Drucker absolut nicht energieeffizient sind<br \/>\n&#8211; gro\u00dfe Drucker nicht transportabel sind<br \/>\n&#8211; hohe Druckgeschwindigkeiten immer zu Lasten der Qualit\u00e4t gehen<br \/>\n&#8211; die Kosten f\u00fcr den Bau doch immer ausarten<\/p>\n<p>Es musste also ein Kontrastdrucker her. Ein Ger\u00e4t von der Stange war keine Option. Schnell kam die Idee auf, einen l\u00e4ngst vergessenen RepRap Klassiker wiederzubeleben, den Tantillus!<\/p>\n<p>Er vereint viele Punkte die uns in der Vorplanung wichtig waren:<br \/>\n&#8211; kosteng\u00fcnstig zu bauen<br \/>\n&#8211; extrem geringe, bewegte Masse<br \/>\n&#8211; hohe Energieeffizienz<br \/>\n&#8211; sehr hoher Selbstfertigungsanteil<br \/>\n&#8211; leicht zu bauen<br \/>\n&#8211; transportabel<br \/>\n&#8211; (bedingt) f\u00e4hig sich selbst zu replizieren<br \/>\n&#8211; schicke Optik<\/p>\n<p>Der <a href=\"http:\/\/reprap.org\/wiki\/Tantillus\" target=\"_blank\" rel=\"noopener\">originale Tantillus<\/a>\u00a0wurde Feb. 2012 ver\u00f6ffentlicht und ist aus heutiger Sicht ein legend\u00e4rer Drucker. Die inspirierende Arbeit von sublime ist der Grundstein vieler weitere RepRaps wie\u00a0z.B. der\u00a0<a href=\"https:\/\/richrap.blogspot.de\/2013\/07\/3dr-reprap-delta-printer-part-1-release.html\" target=\"_blank\" rel=\"noopener\">3DR Delta<\/a>.<br \/>\nDaher tr\u00e4gt auch unser Remake mit Stolz den Namen Tantillus R (R f\u00fcr reborn).<\/p>\n<p>Nachfolgend beschreiben wir unsere Gedankeng\u00e4nge bei der Rekonstruktion \u00a0und haben unseren Weg m\u00f6glichst pr\u00e4zise dokumentiert.<\/p>\n<hr \/>\n<h3>&#8230; noch eine kleine Anmerkung direkt zu Beginn<\/h3>\n<p>In den heutigen Zeiten, in denen China den Markt mit billigsten Ger\u00e4ten flutet, sind einfache Drucker f\u00fcr ganz kleines Geld zu bekommen. Die m\u00fcssen nicht einmal montiert werden, das macht irgendein Chinese in einem prek\u00e4ren Arbeitsverh\u00e4ltnis. Who cares?<\/p>\n<p>Wer einfach nur billig drucken m\u00f6chte, sollte sich bitte die Youtube Videos schauen in denen jede Objektivit\u00e4t auf etwas Schmiergeld ausrutscht.<br \/>\nBeschwert euch nachher nur nicht wenn nach zwei Wochen ein neues Ger\u00e4t der beste Drucker am Markt ist.<br \/>\nWer die Musik bezahlt bestimmt auch was l\u00e4uft.<br \/>\nGesichtsbuch, Blog&#8217;s und Foren mit Ge**best-Links und Gutscheinen sind auch eine besonders wertvolle Informationsquelle.<\/p>\n<p>Wer Lust auf einen openSource Drucker abseits von dem sucht, der ist eingeladen weiterzulesen.<\/p>\n<p>Der Tantillus R ist trotz oder gerade aufgrund seiner geringen Gr\u00f6\u00dfe und Einfachheit nicht unbedingt der einfachste Einsteigerdrucker. Die Lagerung der Achsen, das Hotend, K\u00fchlkonzept, &#8230; erfordern eine Grundkenntnis der Materie.<br \/>\nMit gen\u00fcgend Geduld und Selbst\u00e4ndigkeit sollten selbst Einsteiger dennoch dazu in der Lage sein dem Tantillus R sehr gute Druckteile zu entlocken.<\/p>\n<p>Die Dokumentation soll zum Nachbauen anregen, trotz aller Sorgfalt k\u00f6nnen sich dennoch Fehler eingeschlichen haben. Selbstst\u00e4ndiges Handeln und Denken ist grunds\u00e4tzlich erforderlich.<\/p>\n<p>Allergikerhinweis:<br \/>\nAchtung, dieses Vorwort kann Spuren von Ironie enthalten!<\/p>\n<hr \/>\n<p>Die Dokumentation ist etwas umfangreicher geworden. Um es \u00fcbersichtlich zu halten ist sie in Kapitel unterteilt:<\/p>\n<ul>\n<li><a href=\"http:\/\/scheuten.me\/?page_id=1056\">Kapitel 0 &#8211; Vorwort<\/a><\/li>\n<li><a href=\"http:\/\/scheuten.me\/?page_id=1387\">Kapitel 1 &#8211; Geh\u00e4use<\/a><\/li>\n<li><a href=\"http:\/\/scheuten.me\/?page_id=1406\">Kapitel 2 &#8211; Z-Achse<\/a><\/li>\n<li><a href=\"http:\/\/scheuten.me\/?page_id=1414\">Kapitel 3 &#8211; XY-Achssystem<\/a><\/li>\n<li><a href=\"http:\/\/scheuten.me\/?page_id=1419\">Kapitel 4 &#8211; Heizbett<\/a><\/li>\n<li><a href=\"http:\/\/scheuten.me\/?page_id=1433\">Kapitel 5 &#8211; K\u00fchlung<\/a><\/li>\n<li><a href=\"http:\/\/scheuten.me\/?page_id=1462\">Kapitel 6 &#8211; Extruder<\/a><\/li>\n<li><a href=\"http:\/\/scheuten.me\/?page_id=1437\">Kapitel 7 &#8211; Hotend<\/a><\/li>\n<li><a href=\"http:\/\/scheuten.me\/?page_id=1476\">Kapitel 8 &#8211; Elektronik<\/a><\/li>\n<li><a href=\"http:\/\/scheuten.me\/?page_id=1468\">Kapitel 9 &#8211; Filamentabroller<\/a><\/li>\n<li><a href=\"http:\/\/scheuten.me\/?page_id=1616\">Kapitel 10 &#8211; Silikonteile<\/a><\/li>\n<li><a href=\"http:\/\/scheuten.me\/?page_id=1735\">Kapitel 11 &#8211; Option: Riementriebabdeckung<\/a><\/li>\n<li><a href=\"http:\/\/scheuten.me\/?page_id=1460\">Kapitel 12 &#8211; Option: Rasperry Pi Zero<\/a><\/li>\n<li><a href=\"http:\/\/scheuten.me\/?page_id=1482\">Kapitel 13 &#8211; Option: USV f\u00fcr den Pi<\/a><\/li>\n<li><a href=\"http:\/\/scheuten.me\/?page_id=1440\">Kapitel 14 &#8211; BOM \/ Downloads<\/a><\/li>\n<li><a href=\"http:\/\/scheuten.me\/?page_id=1443\">Kapitel 15 &#8211; FAQ<\/a><\/li>\n<li><a href=\"http:\/\/scheuten.me\/?page_id=1457\">Kapitel 16 &#8211; Musterdrucke<\/a><\/li>\n<li><a href=\"http:\/\/scheuten.me\/?page_id=1448\">Kapitel 17 &#8211; Schlusswort<\/a><\/li>\n<\/ul>\n","protected":false},"excerpt":{"rendered":"<p>Tantillus Reborn Kapitel 0 &#8211; Vorwort click here for international\/english version of this chapter Klick mich f\u00fcr eine hohe Aufl\u00f6sung Tantillus R(eborn) (tantillus = lateinisch f\u00fcr &#8222;so klein&#8220;) Vorgeschichte: November 2017 entstand zusammen mit Forumskollegen Protoprinter die Idee, nebenher einen weiteren Drucker zu bauen. Wir sind beide Besitzer gro\u00dfer, quasi nicht transportabler, doch sehr teurer, [&hellip;]<\/p>\n","protected":false},"author":1,"featured_media":0,"parent":0,"menu_order":0,"comment_status":"open","ping_status":"open","template":"","meta":{"jetpack_post_was_ever_published":false,"footnotes":""},"class_list":["post-1056","page","type-page","status-publish","hentry"],"jetpack_shortlink":"https:\/\/wp.me\/P6lfHf-h2","jetpack-related-posts":[],"jetpack_sharing_enabled":true,"_links":{"self":[{"href":"https:\/\/scheuten.me\/index.php?rest_route=\/wp\/v2\/pages\/1056","targetHints":{"allow":["GET"]}}],"collection":[{"href":"https:\/\/scheuten.me\/index.php?rest_route=\/wp\/v2\/pages"}],"about":[{"href":"https:\/\/scheuten.me\/index.php?rest_route=\/wp\/v2\/types\/page"}],"author":[{"embeddable":true,"href":"https:\/\/scheuten.me\/index.php?rest_route=\/wp\/v2\/users\/1"}],"replies":[{"embeddable":true,"href":"https:\/\/scheuten.me\/index.php?rest_route=%2Fwp%2Fv2%2Fcomments&post=1056"}],"version-history":[{"count":155,"href":"https:\/\/scheuten.me\/index.php?rest_route=\/wp\/v2\/pages\/1056\/revisions"}],"predecessor-version":[{"id":1991,"href":"https:\/\/scheuten.me\/index.php?rest_route=\/wp\/v2\/pages\/1056\/revisions\/1991"}],"wp:attachment":[{"href":"https:\/\/scheuten.me\/index.php?rest_route=%2Fwp%2Fv2%2Fmedia&parent=1056"}],"curies":[{"name":"wp","href":"https:\/\/api.w.org\/{rel}","templated":true}]}}